{"id":1216,"date":"2024-11-14T20:13:39","date_gmt":"2024-11-14T19:13:39","guid":{"rendered":"https:\/\/ceneco.es\/politica-de-privacitat\/"},"modified":"2024-12-24T08:44:06","modified_gmt":"2024-12-24T07:44:06","slug":"politica-de-privacitat","status":"publish","type":"page","link":"https:\/\/ceneco.es\/ca\/politica-de-privacitat\/","title":{"rendered":"Pol\u00edtica de privacitat"},"content":{"rendered":"\n<h2 class=\"gb-headline gb-headline-01b4c7aa gb-headline-text\">Pol\u00edtica de privacitat<\/h2>\n<div class=\"gb-container gb-container-5b0572b1\">\n<div class=\"gb-container gb-container-90c240f2\"><\/div>\n\n\n<h5 class=\"gb-headline gb-headline-8e946d14 gb-headline-text\"><strong>Informaci\u00f3 b\u00e0sica sobre Protecci\u00f3 de Dades<\/strong><\/h5>\n\n\n\n<div class=\"wp-block-group\"><div class=\"wp-block-group__inner-container is-layout-constrained wp-block-group-is-layout-constrained\">\n<figure class=\"wp-block-table is-style-regular\"><table class=\"has-fixed-layout\"><tbody><tr><td class=\"has-text-align-center\" data-align=\"center\">Responsable<\/td><td class=\"has-text-align-center\" data-align=\"center\">CENTRE DE NEGOCIS CORNELL\u00c0 S.L.<br\/>CIF: B65158875<br\/><a href=\"mailto:info@ceneco.es\">info@ceneco.es<\/a><br\/>Telf: 93 475 06 21<br\/>Avda. dels Alps, num. 48, 08940, Cornell\u00e0 de Llobregat<br\/>+info <\/td><\/tr><tr><td class=\"has-text-align-center\" data-align=\"center\">Finalitat<\/td><td class=\"has-text-align-center\" data-align=\"center\">Formulari de contacte: gestionar les consultes rebudes pel formulari de contacte per a contactar amb l\u2019usuari.<br\/>+info<\/td><\/tr><tr><td class=\"has-text-align-center\" data-align=\"center\">Legitimaci\u00f3<\/td><td class=\"has-text-align-center\" data-align=\"center\">Formulari de contacte: consentiment expl\u00edcit de l\u2019interessat.<br\/>+info<\/td><\/tr><tr><td class=\"has-text-align-center\" data-align=\"center\">Conservaci\u00f3<\/td><td class=\"has-text-align-center\" data-align=\"center\">Formulari de contacte: Durant el per\u00edode d\u2019un any a partir de l\u2019\u00faltima consulta.<br\/>+info<\/td><\/tr><tr><td class=\"has-text-align-center\" data-align=\"center\">Proced\u00e8ncia<\/td><td class=\"has-text-align-center\" data-align=\"center\">Formulario de contacto: el propio interesado o su representante legal.<br\/>+info<\/td><\/tr><tr><td class=\"has-text-align-center\" data-align=\"center\">Destinataris<\/td><td class=\"has-text-align-center\" data-align=\"center\">No cedim dades a tercers.<br\/>+info<\/td><\/tr><tr><td class=\"has-text-align-center\" data-align=\"center\">Transfer\u00e8ncies internacionals<\/td><td class=\"has-text-align-center\" data-align=\"center\">No realitzem transfer\u00e8ncies internacionals amb les seves dades.<\/td><\/tr><tr><td class=\"has-text-align-center\" data-align=\"center\">Drets<\/td><td class=\"has-text-align-center\" data-align=\"center\">Acc\u00e9s, rectificaci\u00f3, oposici\u00f3, supressi\u00f3, limitaci\u00f3 de tractament i portabilitat de les dades personals, com s\u2019explica al corresponent apartat.<br\/>+info<\/td><\/tr><tr><td class=\"has-text-align-center\" data-align=\"center\">Informaci\u00f3 addicional<\/td><td class=\"has-text-align-center\" data-align=\"center\">Pot consultar la informaci\u00f3 addicional i detallada sobre Protecci\u00f3 de Dades al desglossament d\u2019apartats que li presentem a continuaci\u00f3 (segona capa informativa).<\/td><\/tr><\/tbody><\/table><\/figure>\n<\/div><\/div>\n\n<\/div><div class=\"gb-container gb-container-c5997a31\">\n\n<p><strong>Pot consultar la informaci\u00f3 addicional i detallada sobre Protecci\u00f3 de Dades al desglossament d\u2019apartats que li presentem a continuaci\u00f3 (segona capa informativa).<\/strong><\/p>\n\n\n\n<p>La present Pol\u00edtica de Privacitat t\u00e9 com a finalitat donar a con\u00e8ixer les condicions que regulen la recollida i tractament de les seves dades personals per part de la nostra entitat per vetllar pels drets fonamentals, el seu honor i llibertats, tot aix\u00f2 en compliment de les normatives vigents que regulen la Protecci\u00f3 de Dades personals.<\/p>\n\n\n\n<p>De conformitat amb aquestes normatives, necessitem disposar de la seva autoritzaci\u00f3 i consentiment per a la recollida i el tractament de les seves dades personals, de manera que a continuaci\u00f3, us expliquem tots els detalls del seu inter\u00e8s respecte a com es realitzen aquests processos, amb quines finalitats, quines altres entitats podrien tenir acc\u00e9s a les seves dades i quins s\u00f3n els seus drets.<\/p>\n\n\n\n<p><strong>Responsable. Qui \u00e9s el Responsable del tractament de dades? <\/strong><\/p>\n\n\n\n<p>El responsable del Tractament de Dades \u00e9s aquella persona f\u00edsica o jur\u00eddica, de naturalesa p\u00fablica o privada, o \u00f2rgan administratiu, que sol o conjuntament amb altres determini les finalitats i mitjans del tractament de dades personals.<\/p>\n\n\n\n<p>Li informem que CENTRE DE NEGOCIS CORNELL\u00c0 S.L. (en endavant \u201cCeneco\u201d) \u00e9s el titular de la web ceneco.es, amb CIF: B65158875 i domicili a Avda. dels Alps, num. 48, 08940, Cornell\u00e0 de Llobregat . Pot contactar per correu electr\u00f2nic a info@ceneco.es o per tel\u00e8fon a 93 475 06 21  <\/p>\n\n\n\n<p><strong>Finalitat. Amb quina finalitat tractarem les seves dades personal? <\/strong><\/p>\n\n\n\n<p>A \u201cCeneco\u201d tractem la informaci\u00f3 que ens facilita per a gestionar les consultes o missatges rebuts. La informaci\u00f3 personal que ens faciliti a trav\u00e9s dels correus electr\u00f2nics o via formularis de la p\u00e0gina web es mantindr\u00e0 confidencial i protegida. En cap cas es destinar\u00e0 o utilitzar\u00e0 per a altres fins, no s\u2019entregar\u00e0 a terceres persones sense el seu consentiment, d\u2019acord amb el que estableix el RGPD 679\/2016 i la L.O. 3\/2018. Per a complir amb les diferents disposicions legals, hem establert diferents nivells de seguretat per a protegir les dades personals que ens faciliti, havent adoptat totes les mesures t\u00e8cniques al nostre abast per evitar la p\u00e8rdua, mal \u00fas, alteraci\u00f3, acc\u00e9s no autoritzat i manipulaci\u00f3 d\u2019aquestes dades personals.   <\/p>\n\n\n\n<p>Necessitem la seva autoritzaci\u00f3 i consentiment per demanar i tractar les seves dades personals, de manera que a continuaci\u00f3 li detallem els usos i finalitats previstes:<\/p>\n\n\n\n<p class=\"has-text-align-left\">Disposem a la web d&#8217;un formulari de contacte per a la gesti\u00f3 de clients potencials, clients i contactes.<\/p>\n\n\n\n<p><strong>Legitimaci\u00f3. Quina \u00e9s la legitimaci\u00f3 per al tractament de les seves dades? <\/strong><\/p>\n\n\n\n<p>La recollida i el tractament de les seves dades est\u00e0 legitimat sempre per una o diverses bases jur\u00eddiques, les quals detallem a continuaci\u00f3:<\/p>\n\n\n\n<p class=\"has-text-align-left\">Formulari de contacte: Consentiment expl\u00edcit de l&#8217;interessat. Quan utilitzi el formulari de contacte, haur\u00e0 de marcar la casella de marcaci\u00f3 espec\u00edfica on la informaci\u00f3 reflectida en aquesta Pol\u00edtica de Privacitat ha estat llegida i acceptada i en conseq\u00fc\u00e8ncia, atorga el seu consentiment inequ\u00edvoc i expr\u00e9s al tractament de les seves dades personals per a les finalitats indicades. La informaci\u00f3 que ens faciliti passar\u00e0 a ser introdu\u00efda en un tractament de dades sota la responsabilitat de \u201cCeneco\u201d i es mantindr\u00e0 confidencial i protegit.  <\/p>\n\n\n\n<p><strong>Conservaci\u00f3. Per quant de temps conservarem les seves dades? <\/strong><\/p>\n\n\n\n<p>Utilitzem les seves dades durant el temps estrictament necessari per a complir les finalitats indicades anteriorment.<\/p>\n\n\n\n<p>Excepte que existeixi una obligaci\u00f3 o requeriment legal, els terminis de conservaci\u00f3 previstos per a les consultes que es realitzin via formulari de contacte seran d\u2019un per\u00edode d\u2019un any a partir de l\u2019\u00faltima consulta.<\/p>\n\n\n\n<p><strong>Proced\u00e8ncia. Com hem obtingut les seves dades? <\/strong><\/p>\n\n\n\n<p>Correu electr\u00f2nic: el propi interessat o el seu representant legal.<br\/>Formulari de contacte: el propi interessat o el seu representant legal.<br\/>Dades identificatives: Nom, tel\u00e8fon i correu electr\u00f2nic.<br\/>Dades identificatives: Nom i correu electr\u00f2nic.<br\/>Visitar la web de \u201cCeneco\u201d no suposa que l\u2019usuari estigui obligat a facilitar cap informaci\u00f3 sobre si mateix.<br\/>\u201cCeneco\u201d prohibeix expressament que els menors de divuit anys facilitin dades personals sense el consentiment previ dels seus pares o tutors.<br\/><\/p>\n\n\n\n<p><strong>Mesures de seguretat. Qu\u00e8 fem per protegir les seves dades <\/strong><\/p>\n\n\n\n<p>\u201cCeneco\u201d adopta les mesures organitzatives i t\u00e8cniques necess\u00e0ries per garantir la seguretat i la privacitat de les seves dades, evitar la seva alteraci\u00f3, p\u00e8rdua, tractament o acc\u00e9s no autoritzat, depenent de l&#8217;estat de la tecnologia, la naturalesa de les dades emmagatzemades i els riscos a qu\u00e8 estan exposades.<\/p>\n\n\n\n<p>Entre d&#8217;altres, destaquen les seg\u00fcents mesures:<\/p>\n\n\n\n<ul class=\"wp-block-list\">\n<li>Garantir la confidencialitat, integritat, disponibilitat i resili\u00e8ncia permanents dels sistemes i serveis de tractament.<\/li>\n\n\n\n<li>Restaurar la disponibilitat i l&#8217;acc\u00e9s a les dades personals de forma r\u00e0pida, en cas d&#8217;incident f\u00edsic o t\u00e8cnic.<\/li>\n\n\n\n<li>Verificar, avaluar i valorar, de manera regular, l&#8217;efic\u00e0cia de les mesures t\u00e8cniques i organitzatives implementades per garantir la seguretat del tractament.<\/li>\n\n\n\n<li>Seudonimizar i xifrar les dades personals, en cas que es tracti de dades sensibles.<\/li>\n<\/ul>\n\n\n\n<p><strong>Destinataris. A quins destinataris es comunicaran les dades? <\/strong><\/p>\n\n\n\n<p>Aquestes dades seran tractades per \u201cCeneco\u201d, no cedim les seves dades a terceres persones ni entitats, llevat d\u2019obligaci\u00f3 legal. No realitzem transfer\u00e8ncies internacionals amb les seves dades personals.. <\/p>\n\n\n\n<p><strong>Drets. Quins s\u00f3n els seus drets quan ens facilita dades? <\/strong><\/p>\n\n\n\n<p>La normativa vigent de protecci\u00f3 de dades l&#8217;empara en una s\u00e8rie de drets en relaci\u00f3 amb l&#8217;\u00fas que li donem a les seves dades personals. Tots i cadascun dels seus drets s\u00f3n unipersonals i intransferibles, \u00e9s a dir, que \u00fanicament poden ser realitzats pel titular de les dades, pr\u00e8via comprovaci\u00f3 de la seva identitat. <\/p>\n\n\n\n<p>A continuaci\u00f3, us expliquem quins s\u00f3n els drets que l&#8217;assisteixen:<\/p>\n\n\n\n<ul class=\"wp-block-list\">\n<li>Sol\u00b7licitar el acc\u00e9s a les seves dades personals<\/li>\n\n\n\n<li>Sol\u00b7licitar la rectificaci\u00f3 de les seves dades<\/li>\n\n\n\n<li>Sol\u00b7licitar la supressi\u00f3 o eliminaci\u00f3 de les seves dades (dret a l &#8216; \u00aboblit\u00bb)<\/li>\n\n\n\n<li>Limitar o oposar a l&#8217;\u00fas que li donem a les seves dades<\/li>\n\n\n\n<li>Dret a la portabilitat de les seves dades per a casos de serveis de telecomunicacions o internet.<\/li>\n\n\n\n<li>Dret a retirar el seu consentiment en qualsevol moment<\/li>\n\n\n\n<li>Dret a presentar una reclamaci\u00f3 en mat\u00e8ria de protecci\u00f3 de dades davant l&#8217;Autoritat de Control: Ag\u00e8ncia Espanyola de Protecci\u00f3 de Dades<\/li>\n<\/ul>\n\n\n\n<p><strong>Com pot exercir els seus drets?<\/strong><\/p>\n\n\n\n<p>Per a l&#8217;exercici dels seus drets d&#8217;acc\u00e9s, rectificaci\u00f3, supressi\u00f3, limitaci\u00f3 o oposici\u00f3, portabilitat i retirada del seu consentiment, pot fer-ho de la seg\u00fcent manera:<\/p>\n\n\n\n<p>Presencialment o per correu electr\u00f2nic a:<\/p>\n\n\n\n<p><strong>CENTRE DE NEGOCIS CORNELL\u00c0 S.L.<br\/>CIF: B65158875<br\/>Avda. dels Alps, num. 48, 08940, Cornell\u00e0 de Llobregat <br\/><a href=\"mailto:info@ceneco.es\">info@ceneco.es<\/a><\/strong><\/p>\n\n\n\n<p>A m\u00e9s dels drets que l&#8217;assisteixen, si creu que les seves dades no s&#8217;estan recaptant o tractant d&#8217;acord amb la normativa vigent de Protecci\u00f3 de Dades, vost\u00e8 podr\u00e0 realitzar una reclamaci\u00f3 davant l&#8217;Autoritat de Control, les dades de contacte indiquem a continuaci\u00f3:<\/p>\n\n\n\n<p>Ag\u00e8ncia Espanyola de Protecci\u00f3 de Dades<\/p>\n\n\n\n<p><strong>C\/ Jorge Juan, 6. 28001, Madrid.<br\/>Email:  <\/strong><a href=\"mailto:info@agpd.es\">info@agpd.es<\/a><strong><br\/>Tel\u00e8fon: 912663517<br\/>Web: <a href=\"https:\/\/www.agpd.es\" target=\"_blank\" rel=\"noopener\">https:\/\/www.agpd.es<\/a><\/strong><\/p>\n\n\n\n<p><strong>Consentiment i acceptaci\u00f3<\/strong><\/p>\n\n\n\n<p>L&#8217;acceptaci\u00f3 del present document indica que vost\u00e8 ent\u00e9n i accepta totes les cl\u00e0usules de la nostra pol\u00edtica de privacitat per la qual cosa autoritza la recollida i el tractament de les seves dades personals en aquests termes. L\u2019usuari que faciliti les seves dades personals a trav\u00e9s del correu electr\u00f2nic de \u201cCeneco\u201d, estar\u00e0 proporcionant volunt\u00e0riament dades de car\u00e0cter personal. Als formularis de contacte aquesta acceptaci\u00f3 es realitza mitjan\u00e7ant l\u2019activaci\u00f3 de la casella de verificaci\u00f3 de la nostra Pol\u00edtica de Privacitat.  <\/p>\n\n<\/div>","protected":false},"excerpt":{"rendered":"<p>Pol\u00edtica de privacitat Informaci\u00f3 b\u00e0sica sobre Protecci\u00f3 de Dades Responsable CENTRE DE NEGOCIS CORNELL\u00c0 S.L.CIF: B65158875info@ceneco.esTelf: 93 475 06 21Avda. dels Alps, num. 48, 08940, Cornell\u00e0 de Llobregat+info Finalitat Formulari de contacte: gestionar les consultes rebudes pel formulari de contacte per a contactar amb l\u2019usuari.+info Legitimaci\u00f3 Formulari de contacte: consentiment expl\u00edcit de l\u2019interessat.+info Conservaci\u00f3 Formulari &#8230; <a title=\"Pol\u00edtica de privacitat\" class=\"read-more\" href=\"https:\/\/ceneco.es\/ca\/politica-de-privacitat\/\" aria-label=\"M\u00e9s informaci\u00f3 sobre Pol\u00edtica de privacitat\">Read more<\/a><\/p>\n","protected":false},"author":1,"featured_media":0,"parent":0,"menu_order":0,"comment_status":"closed","ping_status":"closed","template":"","meta":{"pgc_sgb_lightbox_settings":"","footnotes":""},"class_list":["post-1216","page","type-page","status-publish"],"rankMath":{"parentDomain":"ceneco.es","noFollowDomains":[],"noFollowExcludeDomains":[],"noFollowExternalLinks":false,"featuredImageNotice":"The featured image should be at least 200 by 200 pixels to be picked up by Facebook and other social media sites.","pluginReviewed":false,"postSettings":{"linkSuggestions":true,"useFocusKeyword":false},"frontEndScore":false,"postName":"politica-de-privacitat","permalinkFormat":"https:\/\/ceneco.es\/ca\/%pagename%\/","showLockModifiedDate":true,"assessor":{"focusKeywordLink":"https:\/\/ceneco.es\/wp-admin\/edit.php?focus_keyword=%focus_keyword%&post_type=%post_type%","hasTOCPlugin":false,"primaryTaxonomy":false,"serpData":{"title":"","description":"","focusKeywords":"","pillarContent":false,"canonicalUrl":"","breadcrumbTitle":"","advancedRobots":[],"facebookTitle":"","facebookDescription":"","facebookImage":"","facebookImageID":"","facebookHasOverlay":false,"facebookImageOverlay":"","facebookAuthor":"","twitterCardType":"","twitterUseFacebook":true,"twitterTitle":"","twitterDescription":"","twitterImage":"","twitterImageID":"","twitterHasOverlay":false,"twitterImageOverlay":"","twitterPlayerUrl":"","twitterPlayerSize":"","twitterPlayerStream":"","twitterPlayerStreamCtype":"","twitterAppDescription":"","twitterAppIphoneName":"","twitterAppIphoneID":"","twitterAppIphoneUrl":"","twitterAppIpadName":"","twitterAppIpadID":"","twitterAppIpadUrl":"","twitterAppGoogleplayName":"","twitterAppGoogleplayID":"","twitterAppGoogleplayUrl":"","twitterAppCountry":"","robots":{"index":true},"twitterAuthor":"username","primaryTerm":0,"authorName":"admin","titleTemplate":"%title% %sep% %sitename%","descriptionTemplate":"%excerpt%","showScoreFrontend":true,"lockModifiedDate":false},"powerWords":[],"diacritics":{"A":"[\\u0041\\u24B6\\uFF21\\u00C0\\u00C1\\u00C2\\u1EA6\\u1EA4\\u1EAA\\u1EA8\\u00C3\\u0100\\u0102\\u1EB0\\u1EAE\\u1EB4\\u1EB2\\u0226\\u01E0\\u00C4\\u01DE\\u1EA2\\u00C5\\u01FA\\u01CD\\u0200\\u0202\\u1EA0\\u1EAC\\u1EB6\\u1E00\\u0104\\u023A\\u2C6F]","AA":"[\\uA732]","AE":"[\\u00C6\\u01FC\\u01E2]","AO":"[\\uA734]","AU":"[\\uA736]","AV":"[\\uA738\\uA73A]","AY":"[\\uA73C]","B":"[\\u0042\\u24B7\\uFF22\\u1E02\\u1E04\\u1E06\\u0243\\u0182\\u0181]","C":"[\\u0043\\u24B8\\uFF23\\u0106\\u0108\\u010A\\u010C\\u00C7\\u1E08\\u0187\\u023B\\uA73E]","D":"[\\u0044\\u24B9\\uFF24\\u1E0A\\u010E\\u1E0C\\u1E10\\u1E12\\u1E0E\\u0110\\u018B\\u018A\\u0189\\uA779]","DZ":"[\\u01F1\\u01C4]","Dz":"[\\u01F2\\u01C5]","E":"[\\u0045\\u24BA\\uFF25\\u00C8\\u00C9\\u00CA\\u1EC0\\u1EBE\\u1EC4\\u1EC2\\u1EBC\\u0112\\u1E14\\u1E16\\u0114\\u0116\\u00CB\\u1EBA\\u011A\\u0204\\u0206\\u1EB8\\u1EC6\\u0228\\u1E1C\\u0118\\u1E18\\u1E1A\\u0190\\u018E]","F":"[\\u0046\\u24BB\\uFF26\\u1E1E\\u0191\\uA77B]","G":"[\\u0047\\u24BC\\uFF27\\u01F4\\u011C\\u1E20\\u011E\\u0120\\u01E6\\u0122\\u01E4\\u0193\\uA7A0\\uA77D\\uA77E]","H":"[\\u0048\\u24BD\\uFF28\\u0124\\u1E22\\u1E26\\u021E\\u1E24\\u1E28\\u1E2A\\u0126\\u2C67\\u2C75\\uA78D]","I":"[\\u0049\\u24BE\\uFF29\\u00CC\\u00CD\\u00CE\\u0128\\u012A\\u012C\\u0130\\u00CF\\u1E2E\\u1EC8\\u01CF\\u0208\\u020A\\u1ECA\\u012E\\u1E2C\\u0197]","J":"[\\u004A\\u24BF\\uFF2A\\u0134\\u0248]","K":"[\\u004B\\u24C0\\uFF2B\\u1E30\\u01E8\\u1E32\\u0136\\u1E34\\u0198\\u2C69\\uA740\\uA742\\uA744\\uA7A2]","L":"[\\u004C\\u24C1\\uFF2C\\u013F\\u0139\\u013D\\u1E36\\u1E38\\u013B\\u1E3C\\u1E3A\\u0141\\u023D\\u2C62\\u2C60\\uA748\\uA746\\uA780]","LJ":"[\\u01C7]","Lj":"[\\u01C8]","M":"[\\u004D\\u24C2\\uFF2D\\u1E3E\\u1E40\\u1E42\\u2C6E\\u019C]","N":"[\\u004E\\u24C3\\uFF2E\\u01F8\\u0143\\u00D1\\u1E44\\u0147\\u1E46\\u0145\\u1E4A\\u1E48\\u0220\\u019D\\uA790\\uA7A4]","NJ":"[\\u01CA]","Nj":"[\\u01CB]","O":"[\\u004F\\u24C4\\uFF2F\\u00D2\\u00D3\\u00D4\\u1ED2\\u1ED0\\u1ED6\\u1ED4\\u00D5\\u1E4C\\u022C\\u1E4E\\u014C\\u1E50\\u1E52\\u014E\\u022E\\u0230\\u00D6\\u022A\\u1ECE\\u0150\\u01D1\\u020C\\u020E\\u01A0\\u1EDC\\u1EDA\\u1EE0\\u1EDE\\u1EE2\\u1ECC\\u1ED8\\u01EA\\u01EC\\u00D8\\u01FE\\u0186\\u019F\\uA74A\\uA74C]","OI":"[\\u01A2]","OO":"[\\uA74E]","OU":"[\\u0222]","P":"[\\u0050\\u24C5\\uFF30\\u1E54\\u1E56\\u01A4\\u2C63\\uA750\\uA752\\uA754]","Q":"[\\u0051\\u24C6\\uFF31\\uA756\\uA758\\u024A]","R":"[\\u0052\\u24C7\\uFF32\\u0154\\u1E58\\u0158\\u0210\\u0212\\u1E5A\\u1E5C\\u0156\\u1E5E\\u024C\\u2C64\\uA75A\\uA7A6\\uA782]","S":"[\\u0053\\u24C8\\uFF33\\u1E9E\\u015A\\u1E64\\u015C\\u1E60\\u0160\\u1E66\\u1E62\\u1E68\\u0218\\u015E\\u2C7E\\uA7A8\\uA784]","T":"[\\u0054\\u24C9\\uFF34\\u1E6A\\u0164\\u1E6C\\u021A\\u0162\\u1E70\\u1E6E\\u0166\\u01AC\\u01AE\\u023E\\uA786]","TZ":"[\\uA728]","U":"[\\u0055\\u24CA\\uFF35\\u00D9\\u00DA\\u00DB\\u0168\\u1E78\\u016A\\u1E7A\\u016C\\u00DC\\u01DB\\u01D7\\u01D5\\u01D9\\u1EE6\\u016E\\u0170\\u01D3\\u0214\\u0216\\u01AF\\u1EEA\\u1EE8\\u1EEE\\u1EEC\\u1EF0\\u1EE4\\u1E72\\u0172\\u1E76\\u1E74\\u0244]","V":"[\\u0056\\u24CB\\uFF36\\u1E7C\\u1E7E\\u01B2\\uA75E\\u0245]","VY":"[\\uA760]","W":"[\\u0057\\u24CC\\uFF37\\u1E80\\u1E82\\u0174\\u1E86\\u1E84\\u1E88\\u2C72]","X":"[\\u0058\\u24CD\\uFF38\\u1E8A\\u1E8C]","Y":"[\\u0059\\u24CE\\uFF39\\u1EF2\\u00DD\\u0176\\u1EF8\\u0232\\u1E8E\\u0178\\u1EF6\\u1EF4\\u01B3\\u024E\\u1EFE]","Z":"[\\u005A\\u24CF\\uFF3A\\u0179\\u1E90\\u017B\\u017D\\u1E92\\u1E94\\u01B5\\u0224\\u2C7F\\u2C6B\\uA762]","a":"[\\u0061\\u24D0\\uFF41\\u1E9A\\u00E0\\u00E1\\u00E2\\u1EA7\\u1EA5\\u1EAB\\u1EA9\\u00E3\\u0101\\u0103\\u1EB1\\u1EAF\\u1EB5\\u1EB3\\u0227\\u01E1\\u00E4\\u01DF\\u1EA3\\u00E5\\u01FB\\u01CE\\u0201\\u0203\\u1EA1\\u1EAD\\u1EB7\\u1E01\\u0105\\u2C65\\u0250]","aa":"[\\uA733]","ae":"[\\u00E6\\u01FD\\u01E3]","ao":"[\\uA735]","au":"[\\uA737]","av":"[\\uA739\\uA73B]","ay":"[\\uA73D]","b":"[\\u0062\\u24D1\\uFF42\\u1E03\\u1E05\\u1E07\\u0180\\u0183\\u0253]","c":"[\\u0063\\u24D2\\uFF43\\u0107\\u0109\\u010B\\u010D\\u00E7\\u1E09\\u0188\\u023C\\uA73F\\u2184]","d":"[\\u0064\\u24D3\\uFF44\\u1E0B\\u010F\\u1E0D\\u1E11\\u1E13\\u1E0F\\u0111\\u018C\\u0256\\u0257\\uA77A]","dz":"[\\u01F3\\u01C6]","e":"[\\u0065\\u24D4\\uFF45\\u00E8\\u00E9\\u00EA\\u1EC1\\u1EBF\\u1EC5\\u1EC3\\u1EBD\\u0113\\u1E15\\u1E17\\u0115\\u0117\\u00EB\\u1EBB\\u011B\\u0205\\u0207\\u1EB9\\u1EC7\\u0229\\u1E1D\\u0119\\u1E19\\u1E1B\\u0247\\u025B\\u01DD]","f":"[\\u0066\\u24D5\\uFF46\\u1E1F\\u0192\\uA77C]","g":"[\\u0067\\u24D6\\uFF47\\u01F5\\u011D\\u1E21\\u011F\\u0121\\u01E7\\u0123\\u01E5\\u0260\\uA7A1\\u1D79\\uA77F]","h":"[\\u0068\\u24D7\\uFF48\\u0125\\u1E23\\u1E27\\u021F\\u1E25\\u1E29\\u1E2B\\u1E96\\u0127\\u2C68\\u2C76\\u0265]","hv":"[\\u0195]","i":"[\\u0069\\u24D8\\uFF49\\u00EC\\u00ED\\u00EE\\u0129\\u012B\\u012D\\u00EF\\u1E2F\\u1EC9\\u01D0\\u0209\\u020B\\u1ECB\\u012F\\u1E2D\\u0268\\u0131]","j":"[\\u006A\\u24D9\\uFF4A\\u0135\\u01F0\\u0249]","k":"[\\u006B\\u24DA\\uFF4B\\u1E31\\u01E9\\u1E33\\u0137\\u1E35\\u0199\\u2C6A\\uA741\\uA743\\uA745\\uA7A3]","l":"[\\u006C\\u24DB\\uFF4C\\u0140\\u013A\\u013E\\u1E37\\u1E39\\u013C\\u1E3D\\u1E3B\\u017F\\u0142\\u019A\\u026B\\u2C61\\uA749\\uA781\\uA747]","lj":"[\\u01C9]","m":"[\\u006D\\u24DC\\uFF4D\\u1E3F\\u1E41\\u1E43\\u0271\\u026F]","n":"[\\u006E\\u24DD\\uFF4E\\u01F9\\u0144\\u00F1\\u1E45\\u0148\\u1E47\\u0146\\u1E4B\\u1E49\\u019E\\u0272\\u0149\\uA791\\uA7A5]","nj":"[\\u01CC]","o":"[\\u006F\\u24DE\\uFF4F\\u00F2\\u00F3\\u00F4\\u1ED3\\u1ED1\\u1ED7\\u1ED5\\u00F5\\u1E4D\\u022D\\u1E4F\\u014D\\u1E51\\u1E53\\u014F\\u022F\\u0231\\u00F6\\u022B\\u1ECF\\u0151\\u01D2\\u020D\\u020F\\u01A1\\u1EDD\\u1EDB\\u1EE1\\u1EDF\\u1EE3\\u1ECD\\u1ED9\\u01EB\\u01ED\\u00F8\\u01FF\\u0254\\uA74B\\uA74D\\u0275]","oi":"[\\u01A3]","ou":"[\\u0223]","oo":"[\\uA74F]","p":"[\\u0070\\u24DF\\uFF50\\u1E55\\u1E57\\u01A5\\u1D7D\\uA751\\uA753\\uA755]","q":"[\\u0071\\u24E0\\uFF51\\u024B\\uA757\\uA759]","r":"[\\u0072\\u24E1\\uFF52\\u0155\\u1E59\\u0159\\u0211\\u0213\\u1E5B\\u1E5D\\u0157\\u1E5F\\u024D\\u027D\\uA75B\\uA7A7\\uA783]","s":"[\\u0073\\u24E2\\uFF53\\u015B\\u1E65\\u015D\\u1E61\\u0161\\u1E67\\u1E63\\u1E69\\u0219\\u015F\\u023F\\uA7A9\\uA785\\u1E9B]","ss":"[\\u00DF]","t":"[\\u0074\\u24E3\\uFF54\\u1E6B\\u1E97\\u0165\\u1E6D\\u021B\\u0163\\u1E71\\u1E6F\\u0167\\u01AD\\u0288\\u2C66\\uA787]","tz":"[\\uA729]","u":"[\\u0075\\u24E4\\uFF55\\u00F9\\u00FA\\u00FB\\u0169\\u1E79\\u016B\\u1E7B\\u016D\\u00FC\\u01DC\\u01D8\\u01D6\\u01DA\\u1EE7\\u016F\\u0171\\u01D4\\u0215\\u0217\\u01B0\\u1EEB\\u1EE9\\u1EEF\\u1EED\\u1EF1\\u1EE5\\u1E73\\u0173\\u1E77\\u1E75\\u0289]","v":"[\\u0076\\u24E5\\uFF56\\u1E7D\\u1E7F\\u028B\\uA75F\\u028C]","vy":"[\\uA761]","w":"[\\u0077\\u24E6\\uFF57\\u1E81\\u1E83\\u0175\\u1E87\\u1E85\\u1E98\\u1E89\\u2C73]","x":"[\\u0078\\u24E7\\uFF58\\u1E8B\\u1E8D]","y":"[\\u0079\\u24E8\\uFF59\\u1EF3\\u00FD\\u0177\\u1EF9\\u0233\\u1E8F\\u00FF\\u1EF7\\u1E99\\u1EF5\\u01B4\\u024F\\u1EFF]","z":"[\\u007A\\u24E9\\uFF5A\\u017A\\u1E91\\u017C\\u017E\\u1E93\\u1E95\\u01B6\\u0225\\u0240\\u2C6C\\uA763]"},"researchesTests":["contentHasTOC","contentHasShortParagraphs","contentHasAssets","keywordInTitle","keywordInMetaDescription","keywordInPermalink","keywordIn10Percent","keywordInContent","keywordInSubheadings","keywordInImageAlt","keywordDensity","keywordNotUsed","lengthContent","lengthPermalink","linksHasInternal","linksHasExternals","linksNotAllExternals","titleStartWithKeyword","titleSentiment","titleHasPowerWords","titleHasNumber","hasContentAI"],"hasRedirection":true,"hasBreadcrumb":false},"homeUrl":"https:\/\/ceneco.es\/ca\/","objectID":1216,"objectType":"post","locale":"ca","localeFull":"ca","overlayImages":{"play":{"name":"Play icon","url":"https:\/\/ceneco.es\/wp-content\/plugins\/seo-by-rank-math\/assets\/admin\/img\/icon-play.png","path":"\/var\/www\/vhosts\/ceneco.es\/httpdocs\/wp-content\/plugins\/seo-by-rank-math\/assets\/admin\/img\/icon-play.png","position":"middle_center"},"gif":{"name":"GIF icon","url":"https:\/\/ceneco.es\/wp-content\/plugins\/seo-by-rank-math\/assets\/admin\/img\/icon-gif.png","path":"\/var\/www\/vhosts\/ceneco.es\/httpdocs\/wp-content\/plugins\/seo-by-rank-math\/assets\/admin\/img\/icon-gif.png","position":"middle_center"}},"defautOgImage":"https:\/\/ceneco.es\/wp-content\/uploads\/2024\/12\/Logo-Ceneco-vf.jpg","customPermalinks":true,"isUserRegistered":false,"autoSuggestKeywords":false,"connectSiteUrl":"https:\/\/rankmath.com\/auth?site=https%3A%2F%2Fceneco.es%2Fca%2F&r=https%3A%2F%2Fceneco.es%2Fca%2Fwp-json%2Fwp%2Fv2%2Fpages%2F1216%3Fnonce%3D2850476fe6","maxTags":5,"trendsIcon":"<svg viewBox=\"0 0 610 610\"><path d=\"M18.85,446,174.32,290.48l58.08,58.08L76.93,504a14.54,14.54,0,0,1-20.55,0L18.83,466.48a14.54,14.54,0,0,1,0-20.55Z\" style=\"fill:#4285f4\"\/><path d=\"M242.65,242.66,377.59,377.6l-47.75,47.75a14.54,14.54,0,0,1-20.55,0L174.37,290.43l47.75-47.75A14.52,14.52,0,0,1,242.65,242.66Z\" style=\"fill:#ea4335\"\/><polygon points=\"319.53 319.53 479.26 159.8 537.34 217.88 377.61 377.62 319.53 319.53\" style=\"fill:#fabb05\"\/><path d=\"M594.26,262.73V118.61h0a16.94,16.94,0,0,0-16.94-16.94H433.2a16.94,16.94,0,0,0-12,28.92L565.34,274.71h0a16.94,16.94,0,0,0,28.92-12Z\" style=\"fill:#34a853\"\/><rect width=\"610\" height=\"610\" style=\"fill:none\"\/><\/svg>","showScore":true,"siteFavIcon":"https:\/\/ceneco.es\/wp-content\/uploads\/2024\/10\/cropped-logo-ceneco-32x32.png","canUser":{"general":false,"advanced":false,"snippet":false,"social":false,"analysis":false,"analytics":false,"content_ai":false},"isPro":false,"is_front_page":false,"trendsUpgradeLink":"https:\/\/rankmath.com\/pricing\/?utm_source=Plugin&utm_medium=CE%20General%20Tab%20Trends&utm_campaign=WP","trendsUpgradeLabel":"Upgrade","trendsPreviewImage":"https:\/\/ceneco.es\/wp-content\/plugins\/seo-by-rank-math\/assets\/admin\/img\/trends-preview.jpg","currentEditor":false,"homepageData":{"assessor":{"powerWords":[],"diacritics":true,"researchesTests":["contentHasTOC","contentHasShortParagraphs","contentHasAssets","keywordInTitle","keywordInMetaDescription","keywordInPermalink","keywordIn10Percent","keywordInContent","keywordInSubheadings","keywordInImageAlt","keywordDensity","keywordNotUsed","lengthContent","lengthPermalink","linksHasInternal","linksHasExternals","linksNotAllExternals","titleStartWithKeyword","titleSentiment","titleHasPowerWords","titleHasNumber","hasContentAI"],"hasBreadcrumb":false,"serpData":{"title":"%sitename% %page% %sep% %sitedesc%","description":"","titleTemplate":"%sitename% %page% %sep% %sitedesc%","descriptionTemplate":"","focusKeywords":"","breadcrumbTitle":"Home","robots":{"index":true},"advancedRobots":[],"facebookTitle":"","facebookDescription":"","facebookImage":"","facebookImageID":""}}},"tocTitle":"Table of Contents","tocExcludeHeadings":[],"listStyle":"ul"},"_links":{"self":[{"href":"https:\/\/ceneco.es\/ca\/wp-json\/wp\/v2\/pages\/1216","targetHints":{"allow":["GET"]}}],"collection":[{"href":"https:\/\/ceneco.es\/ca\/wp-json\/wp\/v2\/pages"}],"about":[{"href":"https:\/\/ceneco.es\/ca\/wp-json\/wp\/v2\/types\/page"}],"author":[{"embeddable":true,"href":"https:\/\/ceneco.es\/ca\/wp-json\/wp\/v2\/users\/1"}],"replies":[{"embeddable":true,"href":"https:\/\/ceneco.es\/ca\/wp-json\/wp\/v2\/comments?post=1216"}],"version-history":[{"count":1,"href":"https:\/\/ceneco.es\/ca\/wp-json\/wp\/v2\/pages\/1216\/revisions"}],"predecessor-version":[{"id":1218,"href":"https:\/\/ceneco.es\/ca\/wp-json\/wp\/v2\/pages\/1216\/revisions\/1218"}],"wp:attachment":[{"href":"https:\/\/ceneco.es\/ca\/wp-json\/wp\/v2\/media?parent=1216"}],"curies":[{"name":"wp","href":"https:\/\/api.w.org\/{rel}","templated":true}]}}