{"id":1234,"date":"2024-11-14T20:14:25","date_gmt":"2024-11-14T19:14:25","guid":{"rendered":"https:\/\/ceneco.es\/prawne\/"},"modified":"2024-12-24T12:24:41","modified_gmt":"2024-12-24T11:24:41","slug":"prawne","status":"publish","type":"page","link":"https:\/\/ceneco.es\/pl\/prawne\/","title":{"rendered":"Prawne"},"content":{"rendered":"<div class=\"gb-container gb-container-871a085f\">\n\n<h2 class=\"gb-headline gb-headline-2505d93e gb-headline-text\">Prawne<\/h2>\n\n\n\n<p style=\"font-style:normal;font-weight:100\">Zgodnie z przepisami ustawy 34\/2002 z dnia 11 lipca o us\u0142ugach spo\u0142ecze\u0144stwa informacyjnego i handlu elektronicznym (LSSICE) zg\u0142aszane s\u0105 nast\u0119puj\u0105ce aspekty prawne:<\/p>\n\n\n\n<p style=\"font-style:normal;font-weight:100\"><strong>W\u0142asno\u015b\u0107 strony internetowej<\/strong><\/p>\n\n\n\n<p style=\"font-style:normal;font-weight:100\">W\u0142a\u015bciciel: CENTRE DE NEGOCIS CORNELL\u00c0 S.L.<br\/>CIF: B65158875<br\/>Telefon: 93 475 06 21<br\/>Adres: Avda. dels Alps, num. 48, 08940, Cornell\u00e0 de Llobregat<br\/>Kontakt: <a href=\"mailto:info@ceneco.es\">info@ceneco.es<\/a> <\/p>\n\n\n\n<p style=\"font-style:normal;font-weight:100\"><strong>Cel strony internetowej<\/strong><\/p>\n\n\n\n<p style=\"font-style:normal;font-weight:100\">Celem strony internetowej ceneco.es dostarczenie szerokiej publiczno\u015bci wiedzy na temat us\u0142ug wynajmu biur.<\/p>\n\n\n\n<p style=\"font-style:normal;font-weight:100\"><strong>Og\u00f3lne warunki u\u017cytkowania<\/strong><\/p>\n\n\n\n<p style=\"font-style:normal;font-weight:100\">Dost\u0119p do strony internetowej odbywa si\u0119 ceneco.es wy\u0142\u0105czn\u0105 odpowiedzialno\u015b\u0107 u\u017cytkownik\u00f3w i oznacza akceptacj\u0119 oraz znajomo\u015b\u0107 informacji prawnej, polityki plik\u00f3w cookie i polityki prywatno\u015bci.<\/p>\n\n\n\n<p style=\"font-style:normal;font-weight:100\">Korzystanie z kt\u00f3rejkolwiek z funkcjonalno\u015bci strony internetowej oznacza wyra\u017an\u0105 i pe\u0142n\u0105 akceptacj\u0119 warunk\u00f3w okre\u015blonych w niniejszym dokumencie, bez uszczerbku dla tych szczeg\u00f3lnych warunk\u00f3w, kt\u00f3re mog\u0105 mie\u0107 zastosowanie do niekt\u00f3rych konkretnych us\u0142ug oferowanych za po\u015brednictwem strony internetowej.<\/p>\n\n\n\n<p style=\"font-style:normal;font-weight:100\">W\u0142a\u015bciciel strony internetowej zastrzega sobie prawo do dokonywania, w dowolnym czasie i bez uprzedzenia, modyfikacji i aktualizacji informacji zawartych na jego stronie internetowej lub w jej konfiguracji i prezentacji.<\/p>\n\n\n\n<p style=\"font-style:normal;font-weight:100\">W celu zapewnienia aktualno\u015bci informacji publikowanych na stronie internetowej ceneco.es jej zawarto\u015b\u0107, zawarto\u015b\u0107 tej strony mo\u017ce by\u0107 w ka\u017cdej chwili modyfikowana, poprawiana, usuwana lub dodawana, dlatego zaleca si\u0119 sprawdzenie ich aktualno\u015bci lub dok\u0142adno\u015bci poprzez zawsze korzystanie z oficjalnych \u017ar\u00f3de\u0142.<\/p>\n\n\n\n<p style=\"font-style:normal;font-weight:100\">U\u017cytkownik zobowi\u0105zuje si\u0119 do prawid\u0142owego korzystania ze strony internetowej i udost\u0119pnionych mu narz\u0119dzi zgodnie z prawem, niniejsz\u0105 Informacj\u0105 prawn\u0105 oraz instrukcjami i powiadomieniami, kt\u00f3re s\u0105 mu przekazywane. U\u017cytkownik zobowi\u0105zuje si\u0119 do korzystania ze strony internetowej i ca\u0142ej jej zawarto\u015bci wy\u0142\u0105cznie w celach zgodnych z prawem i niezabronionych, kt\u00f3re nie naruszaj\u0105 obowi\u0105zuj\u0105cych przepis\u00f3w prawa i\/lub mog\u0105 by\u0107 szkodliwe dla uzasadnionych praw &#8222;Ceneco&#8221; i\/lub kt\u00f3re mog\u0105 bezpo\u015brednio lub po\u015brednio wyrz\u0105dzi\u0107 jakiekolwiek szkody lub krzywdy. <\/p>\n\n\n\n<p style=\"font-style:normal;font-weight:100\"><strong>W\u0142asno\u015b\u0107 intelektualna i przemys\u0142owa<\/strong><\/p>\n\n\n\n<p style=\"font-style:normal;font-weight:100\">Wszystkie elementy, kt\u00f3re sk\u0142adaj\u0105 si\u0119 na stron\u0119 internetow\u0105, a tak\u017ce jej struktura, projekt, kod \u017ar\u00f3d\u0142owy, logotypy, znaki towarowe i inne znaki wyr\u00f3\u017cniaj\u0105ce, kt\u00f3re si\u0119 na niej pojawiaj\u0105, s\u0105 w\u0142asno\u015bci\u0105 CENTRE DE NEGOCIS CORNELL\u00c0 S.L. lub jej wsp\u00f3\u0142pracownik\u00f3w i s\u0105 chronione odpowiednimi prawami w\u0142asno\u015bci intelektualnej i przemys\u0142owej.<\/p>\n\n\n\n<p style=\"font-style:normal;font-weight:100\">Obrazy i inne elementy graficzne zawarte na stronie internetowej s\u0105 r\u00f3wnie\u017c chronione odpowiednimi prawami w\u0142asno\u015bci intelektualnej i przemys\u0142owej. Jego u\u017cywanie, powielanie, rozpowszechnianie, publiczne komunikowanie, przekszta\u0142canie lub jakakolwiek inna podobna lub analogiczna dzia\u0142alno\u015b\u0107 jest ca\u0142kowicie zabroniona, chyba \u017ce istnieje uprzednie i wyra\u017ane zezwolenie w\u0142a\u015bciciela. <\/p>\n\n\n\n<p style=\"font-style:normal;font-weight:100\">W odniesieniu do cytowa\u0144 produkt\u00f3w i us\u0142ug os\u00f3b trzecich, w\u0142a\u015bciciel strony internetowej uznaje odpowiednie prawa w\u0142asno\u015bci przemys\u0142owej i intelektualnej na rzecz jej w\u0142a\u015bcicieli, a sama ich wzmianka lub pojawienie si\u0119 na stronie internetowej nie oznacza istnienia praw lub jakiejkolwiek odpowiedzialno\u015bci w stosunku do nich, ani sponsoringu lub rekomendacji.<\/p>\n\n\n\n<p style=\"font-style:normal;font-weight:100\">W\u0142a\u015bciciel strony internetowej deklaruje poszanowanie praw w\u0142asno\u015bci intelektualnej i przemys\u0142owej os\u00f3b trzecich; W zwi\u0105zku z tym, je\u015bli uwa\u017casz, \u017ce Twoje prawa mog\u0105 zosta\u0107 naruszone na naszej stronie internetowej, skontaktuj si\u0119 z w\u0142a\u015bcicielem strony.<\/p>\n\n\n\n<p style=\"font-style:normal;font-weight:100\"><strong>Odpowiedzialno\u015b\u0107<\/strong><\/p>\n\n\n\n<p style=\"font-style:normal;font-weight:100\">W\u0142a\u015bciciel strony internetowej nie gwarantuje, \u017ce nie ma b\u0142\u0119d\u00f3w w dost\u0119pie do strony internetowej, w jej tre\u015bci lub \u017ce jest ona aktualna, chocia\u017c w\u0142a\u015bciciel strony internetowej do\u0142o\u017cy wszelkich stara\u0144, aby ich unikn\u0105\u0107, poprawi\u0107 lub zaktualizowa\u0107, w stosownych przypadkach.<\/p>\n\n\n\n<p style=\"font-style:normal;font-weight:100\">Zar\u00f3wno dost\u0119p do strony internetowej, jak i spos\u00f3b wykorzystania informacji na niej zawartych jest wy\u0142\u0105czn\u0105 odpowiedzialno\u015bci\u0105 osoby, kt\u00f3ra to robi.<\/p>\n\n\n\n<p style=\"font-style:normal;font-weight:100\">W przypadku, gdy u\u017cytkownik uzna, \u017ce istniej\u0105 jakiekolwiek tre\u015bci, kt\u00f3re mog\u0105 podlega\u0107 tej klasyfikacji, proszony jest o kontakt z w\u0142a\u015bcicielem strony. Zgodnie z przepisami ustawy o us\u0142ugach spo\u0142ecze\u0144stwa informacyjnego i handlu elektronicznym, w\u0142a\u015bciciel strony internetowej udost\u0119pnia si\u0119 wszystkim u\u017cytkownikom, w\u0142adzom i si\u0142om bezpiecze\u0144stwa oraz aktywnie wsp\u00f3\u0142pracuje w usuwaniu lub, w stosownych przypadkach, blokowaniu wszelkich tre\u015bci, kt\u00f3re mog\u0142yby mie\u0107 wp\u0142yw na ustawodawstwo krajowe lub je narusza\u0107.  mi\u0119dzynarodowych, praw os\u00f3b trzecich lub moralno\u015bci i porz\u0105dku publicznego. <\/p>\n\n\n\n<p style=\"font-style:normal;font-weight:100\"><strong>Linki<\/strong><\/p>\n\n\n\n<p style=\"font-style:normal;font-weight:100\">Linki zawarte na naszej stronie internetowej mog\u0105 prowadzi\u0107 do tre\u015bci internetowych os\u00f3b trzecich. Celem tych link\u00f3w jest jedynie u\u0142atwienie Ci znalezienia w Internecie zasob\u00f3w, kt\u00f3re mog\u0105 Ci\u0119 zainteresowa\u0107. Strony te nie nale\u017c\u0105 jednak do samego w\u0142a\u015bciciela witryny, ani nie przegl\u0105da on ich zawarto\u015bci, a zatem w\u0142a\u015bciciel witryny nie ponosi \u017cadnej odpowiedzialno\u015bci za tre\u015bci, informacje lub us\u0142ugi, kt\u00f3re mog\u0105 pojawi\u0107 si\u0119 na tych stronach, kt\u00f3re b\u0119d\u0105 mia\u0142y charakter wy\u0142\u0105cznie informacyjny i w \u017cadnym wypadku nie implikuj\u0105 \u017cadnych relacji mi\u0119dzy w\u0142a\u015bcicielem witryny a osobami lub podmiotami, kt\u00f3re s\u0105 w\u0142a\u015bcicielami tych tre\u015bci lub w\u0142a\u015bcicielami innych os\u00f3b miejsca, w kt\u00f3rych si\u0119 znajduj\u0105. W\u0142a\u015bciciel strony internetowej nie mo\u017ce by\u0107 poci\u0105gni\u0119ty do odpowiedzialno\u015bci za dzia\u0142anie strony, do kt\u00f3rej prowadzi link, ani za jakiekolwiek szkody, kt\u00f3re mog\u0105 wynikn\u0105\u0107 z dost\u0119pu do niej lub korzystania z niej.   <\/p>\n\n\n\n<p style=\"font-style:normal;font-weight:100\">Utworzenie linku do innej strony internetowej nie oznacza zawarcia jakiejkolwiek umowy, umowy, sponsoringu lub rekomendacji ze strony &#8222;Ceneco&#8221;.<\/p>\n\n\n\n<p style=\"font-style:normal;font-weight:100\">&#8222;Ceneco&#8221; nie ponosi \u017cadnej odpowiedzialno\u015bci ani nie gwarantuje jasno\u015bci, dok\u0142adno\u015bci, rzetelno\u015bci, poprawno\u015bci lub moralno\u015bci tre\u015bci lub us\u0142ug, kt\u00f3re mo\u017ce oferowa\u0107 utworzenie linku do innej strony internetowej. U\u017cytkownik ponosi wy\u0142\u0105czn\u0105 odpowiedzialno\u015b\u0107 za konsekwencje, szkody lub dzia\u0142ania, kt\u00f3re mog\u0105 wynikn\u0105\u0107 z dost\u0119pu do strony, do kt\u00f3rej prowadzi link. <\/p>\n\n\n\n<p style=\"font-style:normal;font-weight:100\"><strong>Ochrona danych<\/strong><\/p>\n\n\n\n<p style=\"font-style:normal;font-weight:100\">W przypadkach, w kt\u00f3rych dane osobowe s\u0105 gromadzone, przetwarzane lub przechowywane, b\u0119dzie si\u0119 to odbywa\u0142o zgodnie z Polityk\u0105 prywatno\u015bci opublikowan\u0105 na stronie internetowej, z kt\u00f3r\u0105 mo\u017cna zapozna\u0107 si\u0119 na dole strony.<\/p>\n\n\n\n<p style=\"font-style:normal;font-weight:100\"><strong>Prawo w\u0142a\u015bciwe i jurysdykcja<\/strong><\/p>\n\n\n\n<p style=\"font-style:normal;font-weight:100\">Prawem w\u0142a\u015bciwym w przypadku sporu lub konfliktu interpretacji warunk\u00f3w sk\u0142adaj\u0105cych si\u0119 na niniejsz\u0105 Not\u0119 prawn\u0105, a tak\u017ce wszelkich spraw zwi\u0105zanych z us\u0142ugami \u015bwiadczonymi przez ten Portal, jest prawo hiszpa\u0144skie.<\/p>\n\n\n\n<p style=\"font-style:normal;font-weight:100\">W celu rozwi\u0105zania wszelkich konflikt\u00f3w, kt\u00f3re mog\u0105 powsta\u0107 podczas odwiedzania strony internetowej lub korzystania z us\u0142ug, kt\u00f3re mog\u0105 by\u0107 na niej oferowane, w\u0142a\u015bciciel strony internetowej i u\u017cytkownik zgadzaj\u0105 si\u0119 podda\u0107 si\u0119 s\u0119dziom i s\u0105dom w\u0142a\u015bciwym dla miejsca zamieszkania u\u017cytkownika, pod warunkiem, \u017ce u\u017cytkownik znajduje si\u0119 na terytorium Hiszpanii i dzia\u0142a jako konsument.<\/p>\n\n\n\n<p><\/p>\n\n<\/div>","protected":false},"excerpt":{"rendered":"<p>Prawne Zgodnie z przepisami ustawy 34\/2002 z dnia 11 lipca o us\u0142ugach spo\u0142ecze\u0144stwa informacyjnego i handlu elektronicznym (LSSICE) zg\u0142aszane s\u0105 nast\u0119puj\u0105ce aspekty prawne: W\u0142asno\u015b\u0107 strony internetowej W\u0142a\u015bciciel: CENTRE DE NEGOCIS CORNELL\u00c0 S.L.CIF: B65158875Telefon: 93 475 06 21Adres: Avda. dels Alps, num. 48, 08940, Cornell\u00e0 de LlobregatKontakt: info@ceneco.es Cel strony internetowej Celem strony internetowej ceneco.es dostarczenie &#8230; <a title=\"Prawne\" class=\"read-more\" href=\"https:\/\/ceneco.es\/pl\/prawne\/\" aria-label=\"Read more about Prawne\">Czytaj dalej<\/a><\/p>\n","protected":false},"author":1,"featured_media":0,"parent":0,"menu_order":0,"comment_status":"closed","ping_status":"closed","template":"","meta":{"pgc_sgb_lightbox_settings":"","footnotes":""},"class_list":["post-1234","page","type-page","status-publish"],"rankMath":{"parentDomain":"ceneco.es","noFollowDomains":[],"noFollowExcludeDomains":[],"noFollowExternalLinks":false,"featuredImageNotice":"Prezentowany obraz powinien mie\u0107 co najmniej 200 na 200 pikseli, aby m\u00f3g\u0142 go pobra\u0107 Facebook i inne serwisy spo\u0142eczno\u015bciowe.","pluginReviewed":false,"postSettings":{"linkSuggestions":true,"useFocusKeyword":false},"frontEndScore":false,"postName":"prawne","permalinkFormat":"https:\/\/ceneco.es\/pl\/%pagename%\/","showLockModifiedDate":true,"assessor":{"focusKeywordLink":"https:\/\/ceneco.es\/wp-admin\/edit.php?focus_keyword=%focus_keyword%&post_type=%post_type%","hasTOCPlugin":false,"primaryTaxonomy":false,"serpData":{"title":"","description":"","focusKeywords":"","pillarContent":false,"canonicalUrl":"","breadcrumbTitle":"","advancedRobots":[],"facebookTitle":"","facebookDescription":"","facebookImage":"","facebookImageID":"","facebookHasOverlay":false,"facebookImageOverlay":"","facebookAuthor":"","twitterCardType":"","twitterUseFacebook":true,"twitterTitle":"","twitterDescription":"","twitterImage":"","twitterImageID":"","twitterHasOverlay":false,"twitterImageOverlay":"","twitterPlayerUrl":"","twitterPlayerSize":"","twitterPlayerStream":"","twitterPlayerStreamCtype":"","twitterAppDescription":"","twitterAppIphoneName":"","twitterAppIphoneID":"","twitterAppIphoneUrl":"","twitterAppIpadName":"","twitterAppIpadID":"","twitterAppIpadUrl":"","twitterAppGoogleplayName":"","twitterAppGoogleplayID":"","twitterAppGoogleplayUrl":"","twitterAppCountry":"","robots":{"index":true},"twitterAuthor":"u\u017cytkownik","primaryTerm":0,"authorName":"admin","titleTemplate":"%title% %sep% %sitename%","descriptionTemplate":"%excerpt%","showScoreFrontend":true,"lockModifiedDate":false},"powerWords":[],"diacritics":{"A":"[\\u0041\\u24B6\\uFF21\\u00C0\\u00C1\\u00C2\\u1EA6\\u1EA4\\u1EAA\\u1EA8\\u00C3\\u0100\\u0102\\u1EB0\\u1EAE\\u1EB4\\u1EB2\\u0226\\u01E0\\u00C4\\u01DE\\u1EA2\\u00C5\\u01FA\\u01CD\\u0200\\u0202\\u1EA0\\u1EAC\\u1EB6\\u1E00\\u0104\\u023A\\u2C6F]","AA":"[\\uA732]","AE":"[\\u00C6\\u01FC\\u01E2]","AO":"[\\uA734]","AU":"[\\uA736]","AV":"[\\uA738\\uA73A]","AY":"[\\uA73C]","B":"[\\u0042\\u24B7\\uFF22\\u1E02\\u1E04\\u1E06\\u0243\\u0182\\u0181]","C":"[\\u0043\\u24B8\\uFF23\\u0106\\u0108\\u010A\\u010C\\u00C7\\u1E08\\u0187\\u023B\\uA73E]","D":"[\\u0044\\u24B9\\uFF24\\u1E0A\\u010E\\u1E0C\\u1E10\\u1E12\\u1E0E\\u0110\\u018B\\u018A\\u0189\\uA779]","DZ":"[\\u01F1\\u01C4]","Dz":"[\\u01F2\\u01C5]","E":"[\\u0045\\u24BA\\uFF25\\u00C8\\u00C9\\u00CA\\u1EC0\\u1EBE\\u1EC4\\u1EC2\\u1EBC\\u0112\\u1E14\\u1E16\\u0114\\u0116\\u00CB\\u1EBA\\u011A\\u0204\\u0206\\u1EB8\\u1EC6\\u0228\\u1E1C\\u0118\\u1E18\\u1E1A\\u0190\\u018E]","F":"[\\u0046\\u24BB\\uFF26\\u1E1E\\u0191\\uA77B]","G":"[\\u0047\\u24BC\\uFF27\\u01F4\\u011C\\u1E20\\u011E\\u0120\\u01E6\\u0122\\u01E4\\u0193\\uA7A0\\uA77D\\uA77E]","H":"[\\u0048\\u24BD\\uFF28\\u0124\\u1E22\\u1E26\\u021E\\u1E24\\u1E28\\u1E2A\\u0126\\u2C67\\u2C75\\uA78D]","I":"[\\u0049\\u24BE\\uFF29\\u00CC\\u00CD\\u00CE\\u0128\\u012A\\u012C\\u0130\\u00CF\\u1E2E\\u1EC8\\u01CF\\u0208\\u020A\\u1ECA\\u012E\\u1E2C\\u0197]","J":"[\\u004A\\u24BF\\uFF2A\\u0134\\u0248]","K":"[\\u004B\\u24C0\\uFF2B\\u1E30\\u01E8\\u1E32\\u0136\\u1E34\\u0198\\u2C69\\uA740\\uA742\\uA744\\uA7A2]","L":"[\\u004C\\u24C1\\uFF2C\\u013F\\u0139\\u013D\\u1E36\\u1E38\\u013B\\u1E3C\\u1E3A\\u0141\\u023D\\u2C62\\u2C60\\uA748\\uA746\\uA780]","LJ":"[\\u01C7]","Lj":"[\\u01C8]","M":"[\\u004D\\u24C2\\uFF2D\\u1E3E\\u1E40\\u1E42\\u2C6E\\u019C]","N":"[\\u004E\\u24C3\\uFF2E\\u01F8\\u0143\\u00D1\\u1E44\\u0147\\u1E46\\u0145\\u1E4A\\u1E48\\u0220\\u019D\\uA790\\uA7A4]","NJ":"[\\u01CA]","Nj":"[\\u01CB]","O":"[\\u004F\\u24C4\\uFF2F\\u00D2\\u00D3\\u00D4\\u1ED2\\u1ED0\\u1ED6\\u1ED4\\u00D5\\u1E4C\\u022C\\u1E4E\\u014C\\u1E50\\u1E52\\u014E\\u022E\\u0230\\u00D6\\u022A\\u1ECE\\u0150\\u01D1\\u020C\\u020E\\u01A0\\u1EDC\\u1EDA\\u1EE0\\u1EDE\\u1EE2\\u1ECC\\u1ED8\\u01EA\\u01EC\\u00D8\\u01FE\\u0186\\u019F\\uA74A\\uA74C]","OI":"[\\u01A2]","OO":"[\\uA74E]","OU":"[\\u0222]","P":"[\\u0050\\u24C5\\uFF30\\u1E54\\u1E56\\u01A4\\u2C63\\uA750\\uA752\\uA754]","Q":"[\\u0051\\u24C6\\uFF31\\uA756\\uA758\\u024A]","R":"[\\u0052\\u24C7\\uFF32\\u0154\\u1E58\\u0158\\u0210\\u0212\\u1E5A\\u1E5C\\u0156\\u1E5E\\u024C\\u2C64\\uA75A\\uA7A6\\uA782]","S":"[\\u0053\\u24C8\\uFF33\\u1E9E\\u015A\\u1E64\\u015C\\u1E60\\u0160\\u1E66\\u1E62\\u1E68\\u0218\\u015E\\u2C7E\\uA7A8\\uA784]","T":"[\\u0054\\u24C9\\uFF34\\u1E6A\\u0164\\u1E6C\\u021A\\u0162\\u1E70\\u1E6E\\u0166\\u01AC\\u01AE\\u023E\\uA786]","TZ":"[\\uA728]","U":"[\\u0055\\u24CA\\uFF35\\u00D9\\u00DA\\u00DB\\u0168\\u1E78\\u016A\\u1E7A\\u016C\\u00DC\\u01DB\\u01D7\\u01D5\\u01D9\\u1EE6\\u016E\\u0170\\u01D3\\u0214\\u0216\\u01AF\\u1EEA\\u1EE8\\u1EEE\\u1EEC\\u1EF0\\u1EE4\\u1E72\\u0172\\u1E76\\u1E74\\u0244]","V":"[\\u0056\\u24CB\\uFF36\\u1E7C\\u1E7E\\u01B2\\uA75E\\u0245]","VY":"[\\uA760]","W":"[\\u0057\\u24CC\\uFF37\\u1E80\\u1E82\\u0174\\u1E86\\u1E84\\u1E88\\u2C72]","X":"[\\u0058\\u24CD\\uFF38\\u1E8A\\u1E8C]","Y":"[\\u0059\\u24CE\\uFF39\\u1EF2\\u00DD\\u0176\\u1EF8\\u0232\\u1E8E\\u0178\\u1EF6\\u1EF4\\u01B3\\u024E\\u1EFE]","Z":"[\\u005A\\u24CF\\uFF3A\\u0179\\u1E90\\u017B\\u017D\\u1E92\\u1E94\\u01B5\\u0224\\u2C7F\\u2C6B\\uA762]","a":"[\\u0061\\u24D0\\uFF41\\u1E9A\\u00E0\\u00E1\\u00E2\\u1EA7\\u1EA5\\u1EAB\\u1EA9\\u00E3\\u0101\\u0103\\u1EB1\\u1EAF\\u1EB5\\u1EB3\\u0227\\u01E1\\u00E4\\u01DF\\u1EA3\\u00E5\\u01FB\\u01CE\\u0201\\u0203\\u1EA1\\u1EAD\\u1EB7\\u1E01\\u0105\\u2C65\\u0250]","aa":"[\\uA733]","ae":"[\\u00E6\\u01FD\\u01E3]","ao":"[\\uA735]","au":"[\\uA737]","av":"[\\uA739\\uA73B]","ay":"[\\uA73D]","b":"[\\u0062\\u24D1\\uFF42\\u1E03\\u1E05\\u1E07\\u0180\\u0183\\u0253]","c":"[\\u0063\\u24D2\\uFF43\\u0107\\u0109\\u010B\\u010D\\u00E7\\u1E09\\u0188\\u023C\\uA73F\\u2184]","d":"[\\u0064\\u24D3\\uFF44\\u1E0B\\u010F\\u1E0D\\u1E11\\u1E13\\u1E0F\\u0111\\u018C\\u0256\\u0257\\uA77A]","dz":"[\\u01F3\\u01C6]","e":"[\\u0065\\u24D4\\uFF45\\u00E8\\u00E9\\u00EA\\u1EC1\\u1EBF\\u1EC5\\u1EC3\\u1EBD\\u0113\\u1E15\\u1E17\\u0115\\u0117\\u00EB\\u1EBB\\u011B\\u0205\\u0207\\u1EB9\\u1EC7\\u0229\\u1E1D\\u0119\\u1E19\\u1E1B\\u0247\\u025B\\u01DD]","f":"[\\u0066\\u24D5\\uFF46\\u1E1F\\u0192\\uA77C]","g":"[\\u0067\\u24D6\\uFF47\\u01F5\\u011D\\u1E21\\u011F\\u0121\\u01E7\\u0123\\u01E5\\u0260\\uA7A1\\u1D79\\uA77F]","h":"[\\u0068\\u24D7\\uFF48\\u0125\\u1E23\\u1E27\\u021F\\u1E25\\u1E29\\u1E2B\\u1E96\\u0127\\u2C68\\u2C76\\u0265]","hv":"[\\u0195]","i":"[\\u0069\\u24D8\\uFF49\\u00EC\\u00ED\\u00EE\\u0129\\u012B\\u012D\\u00EF\\u1E2F\\u1EC9\\u01D0\\u0209\\u020B\\u1ECB\\u012F\\u1E2D\\u0268\\u0131]","j":"[\\u006A\\u24D9\\uFF4A\\u0135\\u01F0\\u0249]","k":"[\\u006B\\u24DA\\uFF4B\\u1E31\\u01E9\\u1E33\\u0137\\u1E35\\u0199\\u2C6A\\uA741\\uA743\\uA745\\uA7A3]","l":"[\\u006C\\u24DB\\uFF4C\\u0140\\u013A\\u013E\\u1E37\\u1E39\\u013C\\u1E3D\\u1E3B\\u017F\\u0142\\u019A\\u026B\\u2C61\\uA749\\uA781\\uA747]","lj":"[\\u01C9]","m":"[\\u006D\\u24DC\\uFF4D\\u1E3F\\u1E41\\u1E43\\u0271\\u026F]","n":"[\\u006E\\u24DD\\uFF4E\\u01F9\\u0144\\u00F1\\u1E45\\u0148\\u1E47\\u0146\\u1E4B\\u1E49\\u019E\\u0272\\u0149\\uA791\\uA7A5]","nj":"[\\u01CC]","o":"[\\u006F\\u24DE\\uFF4F\\u00F2\\u00F3\\u00F4\\u1ED3\\u1ED1\\u1ED7\\u1ED5\\u00F5\\u1E4D\\u022D\\u1E4F\\u014D\\u1E51\\u1E53\\u014F\\u022F\\u0231\\u00F6\\u022B\\u1ECF\\u0151\\u01D2\\u020D\\u020F\\u01A1\\u1EDD\\u1EDB\\u1EE1\\u1EDF\\u1EE3\\u1ECD\\u1ED9\\u01EB\\u01ED\\u00F8\\u01FF\\u0254\\uA74B\\uA74D\\u0275]","oi":"[\\u01A3]","ou":"[\\u0223]","oo":"[\\uA74F]","p":"[\\u0070\\u24DF\\uFF50\\u1E55\\u1E57\\u01A5\\u1D7D\\uA751\\uA753\\uA755]","q":"[\\u0071\\u24E0\\uFF51\\u024B\\uA757\\uA759]","r":"[\\u0072\\u24E1\\uFF52\\u0155\\u1E59\\u0159\\u0211\\u0213\\u1E5B\\u1E5D\\u0157\\u1E5F\\u024D\\u027D\\uA75B\\uA7A7\\uA783]","s":"[\\u0073\\u24E2\\uFF53\\u015B\\u1E65\\u015D\\u1E61\\u0161\\u1E67\\u1E63\\u1E69\\u0219\\u015F\\u023F\\uA7A9\\uA785\\u1E9B]","ss":"[\\u00DF]","t":"[\\u0074\\u24E3\\uFF54\\u1E6B\\u1E97\\u0165\\u1E6D\\u021B\\u0163\\u1E71\\u1E6F\\u0167\\u01AD\\u0288\\u2C66\\uA787]","tz":"[\\uA729]","u":"[\\u0075\\u24E4\\uFF55\\u00F9\\u00FA\\u00FB\\u0169\\u1E79\\u016B\\u1E7B\\u016D\\u00FC\\u01DC\\u01D8\\u01D6\\u01DA\\u1EE7\\u016F\\u0171\\u01D4\\u0215\\u0217\\u01B0\\u1EEB\\u1EE9\\u1EEF\\u1EED\\u1EF1\\u1EE5\\u1E73\\u0173\\u1E77\\u1E75\\u0289]","v":"[\\u0076\\u24E5\\uFF56\\u1E7D\\u1E7F\\u028B\\uA75F\\u028C]","vy":"[\\uA761]","w":"[\\u0077\\u24E6\\uFF57\\u1E81\\u1E83\\u0175\\u1E87\\u1E85\\u1E98\\u1E89\\u2C73]","x":"[\\u0078\\u24E7\\uFF58\\u1E8B\\u1E8D]","y":"[\\u0079\\u24E8\\uFF59\\u1EF3\\u00FD\\u0177\\u1EF9\\u0233\\u1E8F\\u00FF\\u1EF7\\u1E99\\u1EF5\\u01B4\\u024F\\u1EFF]","z":"[\\u007A\\u24E9\\uFF5A\\u017A\\u1E91\\u017C\\u017E\\u1E93\\u1E95\\u01B6\\u0225\\u0240\\u2C6C\\uA763]"},"researchesTests":["contentHasTOC","contentHasShortParagraphs","contentHasAssets","keywordInTitle","keywordInMetaDescription","keywordInPermalink","keywordIn10Percent","keywordInContent","keywordInSubheadings","keywordInImageAlt","keywordDensity","keywordNotUsed","lengthContent","lengthPermalink","linksHasInternal","linksHasExternals","linksNotAllExternals","titleStartWithKeyword","titleSentiment","titleHasPowerWords","titleHasNumber","hasContentAI"],"hasRedirection":true,"hasBreadcrumb":false},"homeUrl":"https:\/\/ceneco.es\/pl\/","objectID":1234,"objectType":"post","locale":"pl","localeFull":"pl_PL","overlayImages":{"play":{"name":"Ikona PLAY","url":"https:\/\/ceneco.es\/wp-content\/plugins\/seo-by-rank-math\/assets\/admin\/img\/icon-play.png","path":"\/var\/www\/vhosts\/ceneco.es\/httpdocs\/wp-content\/plugins\/seo-by-rank-math\/assets\/admin\/img\/icon-play.png","position":"middle_center"},"gif":{"name":"Ikona GIF","url":"https:\/\/ceneco.es\/wp-content\/plugins\/seo-by-rank-math\/assets\/admin\/img\/icon-gif.png","path":"\/var\/www\/vhosts\/ceneco.es\/httpdocs\/wp-content\/plugins\/seo-by-rank-math\/assets\/admin\/img\/icon-gif.png","position":"middle_center"}},"defautOgImage":"https:\/\/ceneco.es\/wp-content\/uploads\/2024\/12\/Logo-Ceneco-vf.jpg","customPermalinks":true,"isUserRegistered":false,"autoSuggestKeywords":false,"connectSiteUrl":"https:\/\/rankmath.com\/auth?site=https%3A%2F%2Fceneco.es%2Fpl%2F&r=https%3A%2F%2Fceneco.es%2Fpl%2Fwp-json%2Fwp%2Fv2%2Fpages%2F1234%3Fnonce%3D4bab725376","maxTags":5,"trendsIcon":"<svg viewBox=\"0 0 610 610\"><path d=\"M18.85,446,174.32,290.48l58.08,58.08L76.93,504a14.54,14.54,0,0,1-20.55,0L18.83,466.48a14.54,14.54,0,0,1,0-20.55Z\" style=\"fill:#4285f4\"\/><path d=\"M242.65,242.66,377.59,377.6l-47.75,47.75a14.54,14.54,0,0,1-20.55,0L174.37,290.43l47.75-47.75A14.52,14.52,0,0,1,242.65,242.66Z\" style=\"fill:#ea4335\"\/><polygon points=\"319.53 319.53 479.26 159.8 537.34 217.88 377.61 377.62 319.53 319.53\" style=\"fill:#fabb05\"\/><path d=\"M594.26,262.73V118.61h0a16.94,16.94,0,0,0-16.94-16.94H433.2a16.94,16.94,0,0,0-12,28.92L565.34,274.71h0a16.94,16.94,0,0,0,28.92-12Z\" style=\"fill:#34a853\"\/><rect width=\"610\" height=\"610\" style=\"fill:none\"\/><\/svg>","showScore":true,"siteFavIcon":"https:\/\/ceneco.es\/wp-content\/uploads\/2024\/10\/cropped-logo-ceneco-32x32.png","canUser":{"general":false,"advanced":false,"snippet":false,"social":false,"analysis":false,"analytics":false,"content_ai":false},"isPro":false,"is_front_page":false,"trendsUpgradeLink":"https:\/\/rankmath.com\/pricing\/?utm_source=Plugin&utm_medium=CE%20General%20Tab%20Trends&utm_campaign=WP","trendsUpgradeLabel":"Ulepszenie","trendsPreviewImage":"https:\/\/ceneco.es\/wp-content\/plugins\/seo-by-rank-math\/assets\/admin\/img\/trends-preview.jpg","currentEditor":false,"homepageData":{"assessor":{"powerWords":[],"diacritics":true,"researchesTests":["contentHasTOC","contentHasShortParagraphs","contentHasAssets","keywordInTitle","keywordInMetaDescription","keywordInPermalink","keywordIn10Percent","keywordInContent","keywordInSubheadings","keywordInImageAlt","keywordDensity","keywordNotUsed","lengthContent","lengthPermalink","linksHasInternal","linksHasExternals","linksNotAllExternals","titleStartWithKeyword","titleSentiment","titleHasPowerWords","titleHasNumber","hasContentAI"],"hasBreadcrumb":false,"serpData":{"title":"%sitename% %page% %sep% %sitedesc%","description":"","titleTemplate":"%sitename% %page% %sep% %sitedesc%","descriptionTemplate":"","focusKeywords":"","breadcrumbTitle":"Home","robots":{"index":true},"advancedRobots":[],"facebookTitle":"","facebookDescription":"","facebookImage":"","facebookImageID":""}}},"tocTitle":"Table of Contents","tocExcludeHeadings":[],"listStyle":"ul"},"_links":{"self":[{"href":"https:\/\/ceneco.es\/pl\/wp-json\/wp\/v2\/pages\/1234","targetHints":{"allow":["GET"]}}],"collection":[{"href":"https:\/\/ceneco.es\/pl\/wp-json\/wp\/v2\/pages"}],"about":[{"href":"https:\/\/ceneco.es\/pl\/wp-json\/wp\/v2\/types\/page"}],"author":[{"embeddable":true,"href":"https:\/\/ceneco.es\/pl\/wp-json\/wp\/v2\/users\/1"}],"replies":[{"embeddable":true,"href":"https:\/\/ceneco.es\/pl\/wp-json\/wp\/v2\/comments?post=1234"}],"version-history":[{"count":1,"href":"https:\/\/ceneco.es\/pl\/wp-json\/wp\/v2\/pages\/1234\/revisions"}],"predecessor-version":[{"id":1236,"href":"https:\/\/ceneco.es\/pl\/wp-json\/wp\/v2\/pages\/1234\/revisions\/1236"}],"wp:attachment":[{"href":"https:\/\/ceneco.es\/pl\/wp-json\/wp\/v2\/media?parent=1234"}],"curies":[{"name":"wp","href":"https:\/\/api.w.org\/{rel}","templated":true}]}}