{"id":1252,"date":"2024-11-14T20:13:39","date_gmt":"2024-11-14T19:13:39","guid":{"rendered":"https:\/\/ceneco.es\/polityka-prywatnosci\/"},"modified":"2024-12-24T12:27:45","modified_gmt":"2024-12-24T11:27:45","slug":"polityka-prywatnosci","status":"publish","type":"page","link":"https:\/\/ceneco.es\/pl\/polityka-prywatnosci\/","title":{"rendered":"Polityka prywatno\u015bci"},"content":{"rendered":"\n<h2 class=\"gb-headline gb-headline-01b4c7aa gb-headline-text\">Polityka prywatno\u015bci<\/h2>\n<div class=\"gb-container gb-container-5b0572b1\">\n<div class=\"gb-container gb-container-90c240f2\"><\/div>\n\n\n<h5 class=\"gb-headline gb-headline-8e946d14 gb-headline-text\"><strong>Podstawowe informacje o ochronie danych<\/strong><\/h5>\n\n\n\n<div class=\"wp-block-group\"><div class=\"wp-block-group__inner-container is-layout-constrained wp-block-group-is-layout-constrained\">\n<figure class=\"wp-block-table is-style-regular\"><table class=\"has-fixed-layout\"><tbody><tr><td class=\"has-text-align-center\" data-align=\"center\">Odpowiedzialny<\/td><td class=\"has-text-align-center\" data-align=\"center\">CENTRE DE NEGOCIS CORNELL\u00c0 S.L.<br\/>CIF: B65158875<br\/><a href=\"mailto:info@ceneco.es\">info@ceneco.es<\/a><br\/>Telefon: 93 475 06 21<br\/>Avda. dels Alps, num. 48, 08940, Cornell\u00e0 de Llobregat<br\/>+informacje <\/td><\/tr><tr><td class=\"has-text-align-center\" data-align=\"center\">Cel<\/td><td class=\"has-text-align-center\" data-align=\"center\">Formularz kontaktowy: zarz\u0105dzanie zapytaniami otrzymanymi przez formularz kontaktowy w celu skontaktowania si\u0119 z u\u017cytkownikiem.<br\/>+informacje<\/td><\/tr><tr><td class=\"has-text-align-center\" data-align=\"center\">Legitymizacja<\/td><td class=\"has-text-align-center\" data-align=\"center\">Formularz kontaktowy: wyra\u017ana zgoda osoby, kt\u00f3rej dane dotycz\u0105.<br\/>+informacje<\/td><\/tr><tr><td class=\"has-text-align-center\" data-align=\"center\">Konserwacja<\/td><td class=\"has-text-align-center\" data-align=\"center\">Formularz kontaktowy: W ci\u0105gu jednego roku od ostatniej konsultacji.<br\/>+informacje<\/td><\/tr><tr><td class=\"has-text-align-center\" data-align=\"center\">Pochodzenie<\/td><td class=\"has-text-align-center\" data-align=\"center\">Formularz kontaktowy: zainteresowana strona lub jej przedstawiciel prawny.<br\/>+informacje<\/td><\/tr><tr><td class=\"has-text-align-center\" data-align=\"center\">Adresat\u00f3w<\/td><td class=\"has-text-align-center\" data-align=\"center\">Nie przekazujemy danych osobom trzecim.<br\/>+informacje<\/td><\/tr><tr><td class=\"has-text-align-center\" data-align=\"center\">Przekazywanie danych za granic\u0119<\/td><td class=\"has-text-align-center\" data-align=\"center\">Nie dokonujemy mi\u0119dzynarodowych transfer\u00f3w danych u\u017cytkownika.<\/td><\/tr><tr><td class=\"has-text-align-center\" data-align=\"center\">Prawa<\/td><td class=\"has-text-align-center\" data-align=\"center\">Dost\u0119p, sprostowanie, sprzeciw, usuni\u0119cie, ograniczenie przetwarzania i przenoszenie danych osobowych, jak wyja\u015bniono w odpowiedniej sekcji.<br\/>+informacje<\/td><\/tr><tr><td class=\"has-text-align-center\" data-align=\"center\">Dodatkowe informacje<\/td><td class=\"has-text-align-center\" data-align=\"center\">Dodatkowe i szczeg\u00f3\u0142owe informacje na temat ochrony danych mo\u017cna znale\u017a\u0107 w sekcjach, kt\u00f3re przedstawiamy poni\u017cej (druga warstwa informacji).<\/td><\/tr><\/tbody><\/table><\/figure>\n<\/div><\/div>\n\n<\/div><div class=\"gb-container gb-container-c5997a31\">\n\n<p><strong>Przegl\u0105d<\/strong><\/p>\n\n\n\n<p>Celem niniejszej Polityki Prywatno\u015bci jest poinformowanie Pa\u0144stwa o warunkach, kt\u00f3re reguluj\u0105 gromadzenie i przetwarzanie Pa\u0144stwa danych osobowych przez nasz podmiot w celu zapewnienia Pa\u0144stwa podstawowych praw, honoru i wolno\u015bci, a wszystko to zgodnie z obowi\u0105zuj\u0105cymi przepisami reguluj\u0105cymi ochron\u0119 danych osobowych.<\/p>\n\n\n\n<p>Zgodnie z tymi przepisami musimy posiada\u0107 Twoje upowa\u017cnienie i zgod\u0119 na gromadzenie i przetwarzanie Twoich danych osobowych, dlatego poni\u017cej wskazujemy wszystkie interesuj\u0105ce Ci\u0119 szczeg\u00f3\u0142y dotycz\u0105ce tego, w jaki spos\u00f3b realizujemy te procesy, w jakich celach, jakie inne podmioty mog\u0142yby mie\u0107 dost\u0119p do Twoich danych oraz jakie przys\u0142uguj\u0105 Ci prawa.<\/p>\n\n\n\n<p><strong>Odpowiedzialny. Kto jest Administratorem Danych? <\/strong><\/p>\n\n\n\n<p>Administratorem Danych jest osoba fizyczna lub prawna, o charakterze publicznym lub prywatnym, lub organ administracyjny, kt\u00f3ry samodzielnie lub wsp\u00f3lnie z innymi okre\u015bla cele i sposoby przetwarzania danych osobowych.<\/p>\n\n\n\n<p>Informujemy, \u017ce CENTRE DE NEGOCIS CORNELL\u00c0 S.L. (zwane dalej &#8222;Ceneco&#8221;) jest w\u0142a\u015bcicielem strony internetowej ceneco.es, z numerem CIF: B65158875 i adresem Avda. dels Alps, num. 48, 08940, Cornell\u00e0 de Llobregat. Mo\u017cesz skontaktowa\u0107 si\u0119 z nami mailowo pod numerem info@ceneco.es lub telefonicznie pod numerem 93 475 06 21.  <\/p>\n\n\n\n<p><strong>Cel. W jakim celu przetwarzamy Twoje dane osobowe? <\/strong><\/p>\n\n\n\n<p>W &#8222;Ceneco&#8221; przetwarzamy informacje, kt\u00f3re nam przekazujesz, w celu zarz\u0105dzania otrzymanymi zapytaniami lub wiadomo\u015bciami. Dane osobowe, kt\u00f3re przekazujesz nam za po\u015brednictwem wiadomo\u015bci e-mail lub formularzy na stronie internetowej, b\u0119d\u0105 traktowane jako poufne i chronione. W \u017cadnym wypadku nie b\u0119d\u0105 one wykorzystywane do innych cel\u00f3w, ani nie b\u0119d\u0105 przekazywane osobom trzecim bez ich zgody, zgodnie z zasadami RODO 679\/2016 i L.O. 3\/2018. W celu zapewnienia zgodno\u015bci z r\u00f3\u017cnymi przepisami prawnymi ustanowili\u015bmy r\u00f3\u017cne poziomy bezpiecze\u0144stwa w celu ochrony przekazanych nam danych osobowych, stosuj\u0105c wszelkie dost\u0119pne nam \u015brodki techniczne, aby zapobiec utracie, niew\u0142a\u015bciwemu wykorzystaniu, zmianie, nieuprawnionemu dost\u0119powi i manipulacji tymi danymi osobowymi.   <\/p>\n\n\n\n<p>Potrzebujemy Twojej zgody i zgody na gromadzenie i przetwarzanie Twoich danych osobowych, wi\u0119c poni\u017cej przedstawiono zamierzone zastosowania i cele:<\/p>\n\n\n\n<p class=\"has-text-align-left\">Na stronie internetowej znajduje si\u0119 formularz kontaktowy do zarz\u0105dzania leadami, klientami i kontaktami.<\/p>\n\n\n\n<p><strong>Legitymacja. Jaka jest podstawa prawna przetwarzania Twoich danych? <\/strong><\/p>\n\n\n\n<p>Gromadzenie i przetwarzanie Pa\u0144stwa danych jest zawsze uzasadnione przez jedn\u0105 lub wi\u0119cej podstaw prawnych, kt\u00f3re zosta\u0142y szczeg\u00f3\u0142owo opisane poni\u017cej:<\/p>\n\n\n\n<p class=\"has-text-align-left\">Formularz kontaktowy: Wyra\u017ana zgoda osoby, kt\u00f3rej dane dotycz\u0105. Korzystaj\u0105c z formularza kontaktowego, nale\u017cy zaznaczy\u0107 odpowiednie pole wyboru, w kt\u00f3rym informacje zawarte w niniejszej Polityce prywatno\u015bci zosta\u0142y przeczytane i zaakceptowane oraz \u017ce w zwi\u0105zku z tym wyra\u017caj\u0105 Pa\u0144stwo jednoznaczn\u0105 i wyra\u017an\u0105 zgod\u0119 na przetwarzanie Pa\u0144stwa danych osobowych we wskazanych celach. Dane osobowe, kt\u00f3re nam przekazujesz, b\u0119d\u0105 przetwarzane na odpowiedzialno\u015b\u0107 &#8222;Ceneco&#8221; i b\u0119d\u0105 traktowane jako poufne i chronione.  <\/p>\n\n\n\n<p><strong>Konserwacja. Jak d\u0142ugo b\u0119dziemy przechowywa\u0107 Twoje dane? <\/strong><\/p>\n\n\n\n<p>Wykorzystujemy Pa\u0144stwa dane przez czas \u015bci\u015ble niezb\u0119dny do realizacji cel\u00f3w wskazanych powy\u017cej.<\/p>\n\n\n\n<p>O ile nie istnieje obowi\u0105zek lub wym\u00f3g prawny, okresy przechowywania przewidziane dla konsultacji odbytych za po\u015brednictwem formularza kontaktowego wynosz\u0105 jeden rok od ostatniej konsultacji.<\/p>\n\n\n\n<p><strong>Pochodzenie. W jaki spos\u00f3b pozyskali\u015bmy Twoje dane? <\/strong><\/p>\n\n\n\n<p>Adres e-mail: zainteresowana strona lub jej przedstawiciel prawny.<br\/>Formularz kontaktowy: zainteresowana strona lub jej przedstawiciel prawny.<br\/>Dane identyfikacyjne: imi\u0119 i nazwisko, numer telefonu i adres e-mail.<br\/>Dane identyfikacyjne: imi\u0119 i nazwisko oraz adres e-mail.<br\/>Odwiedzenie strony internetowej &#8222;Ceneco&#8221; nie oznacza, \u017ce u\u017cytkownik jest zobowi\u0105zany do podania jakichkolwiek informacji o sobie.<br\/>&#8222;Ceneco&#8221; wyra\u017anie zabrania osobom niepe\u0142noletnim poni\u017cej osiemnastego roku \u017cycia udost\u0119pniania Danych Osobowych bez uprzedniej zgody ich rodzic\u00f3w lub opiekun\u00f3w.<br\/><\/p>\n\n\n\n<p><strong>Po\u0144czochy ochronne. Co robimy, aby chroni\u0107 Twoje dane? <\/strong><\/p>\n\n\n\n<p>&#8222;Ceneco&#8221; stosuje niezb\u0119dne \u015brodki organizacyjne i techniczne, aby zagwarantowa\u0107 bezpiecze\u0144stwo i prywatno\u015b\u0107 Pa\u0144stwa danych, zapobiec ich zmianie, utracie, przetwarzaniu lub nieuprawnionemu dost\u0119powi, w zale\u017cno\u015bci od stanu techniki, charakteru przechowywanych danych i zagro\u017ce\u0144, na jakie s\u0105 nara\u017cone.<\/p>\n\n\n\n<p>Na uwag\u0119 zas\u0142uguj\u0105 m.in. nast\u0119puj\u0105ce \u015brodki:<\/p>\n\n\n\n<ul class=\"wp-block-list\">\n<li>Zapewnienie ci\u0105g\u0142ej poufno\u015bci, integralno\u015bci, dost\u0119pno\u015bci i odporno\u015bci system\u00f3w i us\u0142ug leczenia.<\/li>\n\n\n\n<li>Szybkie przywracanie dost\u0119pno\u015bci i dost\u0119pu do danych osobowych w przypadku incydentu fizycznego lub technicznego.<\/li>\n\n\n\n<li>Regularna weryfikacja, ocena i ocena skuteczno\u015bci \u015brodk\u00f3w technicznych i organizacyjnych wdro\u017conych w celu zagwarantowania bezpiecze\u0144stwa przetwarzania.<\/li>\n\n\n\n<li>Pseudonimizacja i szyfrowanie danych osobowych w przypadku danych wra\u017cliwych.<\/li>\n<\/ul>\n\n\n\n<p><strong>Adresat\u00f3w. Komu b\u0119d\u0105 przekazywane Pa\u0144stwa dane? <\/strong><\/p>\n\n\n\n<p>Dane te b\u0119d\u0105 przetwarzane przez &#8222;Ceneco&#8221;, nie przekazujemy Pa\u0144stwa danych osobom lub podmiotom trzecim, chyba \u017ce jest to do tego prawnie zobligowane. Nie dokonujemy mi\u0119dzynarodowych transfer\u00f3w danych osobowych. <\/p>\n\n\n\n<p><strong>Prawa. Jakie prawa przys\u0142uguj\u0105 Ci w zwi\u0105zku z przekazaniem nam swoich danych? <\/strong><\/p>\n\n\n\n<p>Obowi\u0105zuj\u0105ce przepisy o ochronie danych osobowych chroni\u0105 Pa\u0144stwa Pa\u0144stwa dane osobowe za pomoc\u0105 szeregu praw w zwi\u0105zku z wykorzystywaniem przez nas Pa\u0144stwa danych osobowych. Ka\u017cde z ich praw jest jednoosobowe i niezbywalne, to znaczy mog\u0105 by\u0107 realizowane tylko przez w\u0142a\u015bciciela danych, po zweryfikowaniu jego to\u017csamo\u015bci. <\/p>\n\n\n\n<p>Oto prawa, kt\u00f3re mog\u0105 Ci pom\u00f3c:<\/p>\n\n\n\n<ul class=\"wp-block-list\">\n<li>\u017b\u0105danie dost\u0119pu do swoich danych osobowych<\/li>\n\n\n\n<li>\u017b\u0105dania sprostowania swoich danych<\/li>\n\n\n\n<li>\u017b\u0105dania usuni\u0119cia lub usuni\u0119cia swoich danych (prawo do bycia zapomnianym)<\/li>\n\n\n\n<li>Ograniczenie lub sprzeciwienie si\u0119 wykorzystywaniu przez nas Twoich danych<\/li>\n\n\n\n<li>Prawo do przenoszenia danych w przypadku us\u0142ug telekomunikacyjnych lub internetowych.<\/li>\n\n\n\n<li>Prawo do wycofania zgody w dowolnym momencie<\/li>\n\n\n\n<li>Prawo do z\u0142o\u017cenia skargi dotycz\u0105cej ochrony danych do organu nadzorczego: Hiszpa\u0144skiej Agencji Ochrony Danych<\/li>\n<\/ul>\n\n\n\n<p><strong>W jaki spos\u00f3b mo\u017cesz skorzysta\u0107 ze swoich praw?<\/strong><\/p>\n\n\n\n<p>Aby skorzysta\u0107 z prawa dost\u0119pu, sprostowania, usuni\u0119cia, ograniczenia lub sprzeciwu, przenoszenia i wycofania zgody, mo\u017cesz to zrobi\u0107 w nast\u0119puj\u0105cy spos\u00f3b:<\/p>\n\n\n\n<p>Osobi\u015bcie lub za po\u015brednictwem poczty elektronicznej pod adresem:<\/p>\n\n\n\n<p><strong>CENTRE DE NEGOCIS CORNELL\u00c0 S.L.<br\/>CIF: B65158875<br\/>Avda. dels Alps, num. 48, 08940, Cornell\u00e0 de Llobregat <br\/><a href=\"mailto:info@ceneco.es\">info@ceneco.es<\/a><\/strong><\/p>\n\n\n\n<p>Opr\u00f3cz przys\u0142uguj\u0105cych Ci praw, je\u015bli uwa\u017casz, \u017ce Twoje dane nie s\u0105 gromadzone lub przetwarzane zgodnie z obowi\u0105zuj\u0105cymi przepisami o ochronie danych, mo\u017cesz z\u0142o\u017cy\u0107 skarg\u0119 do organu nadzorczego, kt\u00f3rego dane kontaktowe znajduj\u0105 si\u0119 poni\u017cej:<\/p>\n\n\n\n<p>Hiszpa\u0144ska Agencja Ochrony Danych<\/p>\n\n\n\n<p><strong>C\/ Jorge Juan, 6. 28001, Madryt.<br\/>E-mail:   <\/strong><a href=\"mailto:info@agpd.es\">info@agpd.es<\/a><strong><br\/>Telefon: 912663517<br\/>Sie\u0107: <a href=\"https:\/\/www.agpd.es\" target=\"_blank\" rel=\"noopener\">https:\/\/www.agpd.es<\/a><\/strong><\/p>\n\n\n\n<p><strong>Zgoda i akceptacja<\/strong><\/p>\n\n\n\n<p>Akceptacja tego dokumentu oznacza, \u017ce rozumiesz i akceptujesz wszystkie klauzule naszej polityki prywatno\u015bci, a tym samym wyra\u017casz zgod\u0119 na gromadzenie i przetwarzanie Twoich danych osobowych w tych warunkach. U\u017cytkownik, kt\u00f3ry podaje dane osobowe za po\u015brednictwem poczty elektronicznej &#8222;Ceneco&#8221; podaje dane osobowe dobrowolnie. W formularzach kontaktowych akceptacja ta odbywa si\u0119 poprzez aktywacj\u0119 pola wyboru naszej Polityki prywatno\u015bci.  <\/p>\n\n<\/div>","protected":false},"excerpt":{"rendered":"<p>Polityka prywatno\u015bci Podstawowe informacje o ochronie danych Odpowiedzialny CENTRE DE NEGOCIS CORNELL\u00c0 S.L.CIF: B65158875info@ceneco.esTelefon: 93 475 06 21Avda. dels Alps, num. 48, 08940, Cornell\u00e0 de Llobregat+informacje Cel Formularz kontaktowy: zarz\u0105dzanie zapytaniami otrzymanymi przez formularz kontaktowy w celu skontaktowania si\u0119 z u\u017cytkownikiem.+informacje Legitymizacja Formularz kontaktowy: wyra\u017ana zgoda osoby, kt\u00f3rej dane dotycz\u0105.+informacje Konserwacja Formularz kontaktowy: W ci\u0105gu &#8230; <a title=\"Polityka prywatno\u015bci\" class=\"read-more\" href=\"https:\/\/ceneco.es\/pl\/polityka-prywatnosci\/\" aria-label=\"Read more about Polityka prywatno\u015bci\">Czytaj dalej<\/a><\/p>\n","protected":false},"author":1,"featured_media":0,"parent":0,"menu_order":0,"comment_status":"closed","ping_status":"closed","template":"","meta":{"pgc_sgb_lightbox_settings":"","footnotes":""},"class_list":["post-1252","page","type-page","status-publish"],"rankMath":{"parentDomain":"ceneco.es","noFollowDomains":[],"noFollowExcludeDomains":[],"noFollowExternalLinks":false,"featuredImageNotice":"Prezentowany obraz powinien mie\u0107 co najmniej 200 na 200 pikseli, aby m\u00f3g\u0142 go pobra\u0107 Facebook i inne serwisy spo\u0142eczno\u015bciowe.","pluginReviewed":false,"postSettings":{"linkSuggestions":true,"useFocusKeyword":false},"frontEndScore":false,"postName":"polityka-prywatnosci","permalinkFormat":"https:\/\/ceneco.es\/pl\/%pagename%\/","showLockModifiedDate":true,"assessor":{"focusKeywordLink":"https:\/\/ceneco.es\/wp-admin\/edit.php?focus_keyword=%focus_keyword%&post_type=%post_type%","hasTOCPlugin":false,"primaryTaxonomy":false,"serpData":{"title":"","description":"","focusKeywords":"","pillarContent":false,"canonicalUrl":"","breadcrumbTitle":"","advancedRobots":[],"facebookTitle":"","facebookDescription":"","facebookImage":"","facebookImageID":"","facebookHasOverlay":false,"facebookImageOverlay":"","facebookAuthor":"","twitterCardType":"","twitterUseFacebook":true,"twitterTitle":"","twitterDescription":"","twitterImage":"","twitterImageID":"","twitterHasOverlay":false,"twitterImageOverlay":"","twitterPlayerUrl":"","twitterPlayerSize":"","twitterPlayerStream":"","twitterPlayerStreamCtype":"","twitterAppDescription":"","twitterAppIphoneName":"","twitterAppIphoneID":"","twitterAppIphoneUrl":"","twitterAppIpadName":"","twitterAppIpadID":"","twitterAppIpadUrl":"","twitterAppGoogleplayName":"","twitterAppGoogleplayID":"","twitterAppGoogleplayUrl":"","twitterAppCountry":"","robots":{"index":true},"twitterAuthor":"u\u017cytkownik","primaryTerm":0,"authorName":"admin","titleTemplate":"%title% %sep% %sitename%","descriptionTemplate":"%excerpt%","showScoreFrontend":true,"lockModifiedDate":false},"powerWords":[],"diacritics":{"A":"[\\u0041\\u24B6\\uFF21\\u00C0\\u00C1\\u00C2\\u1EA6\\u1EA4\\u1EAA\\u1EA8\\u00C3\\u0100\\u0102\\u1EB0\\u1EAE\\u1EB4\\u1EB2\\u0226\\u01E0\\u00C4\\u01DE\\u1EA2\\u00C5\\u01FA\\u01CD\\u0200\\u0202\\u1EA0\\u1EAC\\u1EB6\\u1E00\\u0104\\u023A\\u2C6F]","AA":"[\\uA732]","AE":"[\\u00C6\\u01FC\\u01E2]","AO":"[\\uA734]","AU":"[\\uA736]","AV":"[\\uA738\\uA73A]","AY":"[\\uA73C]","B":"[\\u0042\\u24B7\\uFF22\\u1E02\\u1E04\\u1E06\\u0243\\u0182\\u0181]","C":"[\\u0043\\u24B8\\uFF23\\u0106\\u0108\\u010A\\u010C\\u00C7\\u1E08\\u0187\\u023B\\uA73E]","D":"[\\u0044\\u24B9\\uFF24\\u1E0A\\u010E\\u1E0C\\u1E10\\u1E12\\u1E0E\\u0110\\u018B\\u018A\\u0189\\uA779]","DZ":"[\\u01F1\\u01C4]","Dz":"[\\u01F2\\u01C5]","E":"[\\u0045\\u24BA\\uFF25\\u00C8\\u00C9\\u00CA\\u1EC0\\u1EBE\\u1EC4\\u1EC2\\u1EBC\\u0112\\u1E14\\u1E16\\u0114\\u0116\\u00CB\\u1EBA\\u011A\\u0204\\u0206\\u1EB8\\u1EC6\\u0228\\u1E1C\\u0118\\u1E18\\u1E1A\\u0190\\u018E]","F":"[\\u0046\\u24BB\\uFF26\\u1E1E\\u0191\\uA77B]","G":"[\\u0047\\u24BC\\uFF27\\u01F4\\u011C\\u1E20\\u011E\\u0120\\u01E6\\u0122\\u01E4\\u0193\\uA7A0\\uA77D\\uA77E]","H":"[\\u0048\\u24BD\\uFF28\\u0124\\u1E22\\u1E26\\u021E\\u1E24\\u1E28\\u1E2A\\u0126\\u2C67\\u2C75\\uA78D]","I":"[\\u0049\\u24BE\\uFF29\\u00CC\\u00CD\\u00CE\\u0128\\u012A\\u012C\\u0130\\u00CF\\u1E2E\\u1EC8\\u01CF\\u0208\\u020A\\u1ECA\\u012E\\u1E2C\\u0197]","J":"[\\u004A\\u24BF\\uFF2A\\u0134\\u0248]","K":"[\\u004B\\u24C0\\uFF2B\\u1E30\\u01E8\\u1E32\\u0136\\u1E34\\u0198\\u2C69\\uA740\\uA742\\uA744\\uA7A2]","L":"[\\u004C\\u24C1\\uFF2C\\u013F\\u0139\\u013D\\u1E36\\u1E38\\u013B\\u1E3C\\u1E3A\\u0141\\u023D\\u2C62\\u2C60\\uA748\\uA746\\uA780]","LJ":"[\\u01C7]","Lj":"[\\u01C8]","M":"[\\u004D\\u24C2\\uFF2D\\u1E3E\\u1E40\\u1E42\\u2C6E\\u019C]","N":"[\\u004E\\u24C3\\uFF2E\\u01F8\\u0143\\u00D1\\u1E44\\u0147\\u1E46\\u0145\\u1E4A\\u1E48\\u0220\\u019D\\uA790\\uA7A4]","NJ":"[\\u01CA]","Nj":"[\\u01CB]","O":"[\\u004F\\u24C4\\uFF2F\\u00D2\\u00D3\\u00D4\\u1ED2\\u1ED0\\u1ED6\\u1ED4\\u00D5\\u1E4C\\u022C\\u1E4E\\u014C\\u1E50\\u1E52\\u014E\\u022E\\u0230\\u00D6\\u022A\\u1ECE\\u0150\\u01D1\\u020C\\u020E\\u01A0\\u1EDC\\u1EDA\\u1EE0\\u1EDE\\u1EE2\\u1ECC\\u1ED8\\u01EA\\u01EC\\u00D8\\u01FE\\u0186\\u019F\\uA74A\\uA74C]","OI":"[\\u01A2]","OO":"[\\uA74E]","OU":"[\\u0222]","P":"[\\u0050\\u24C5\\uFF30\\u1E54\\u1E56\\u01A4\\u2C63\\uA750\\uA752\\uA754]","Q":"[\\u0051\\u24C6\\uFF31\\uA756\\uA758\\u024A]","R":"[\\u0052\\u24C7\\uFF32\\u0154\\u1E58\\u0158\\u0210\\u0212\\u1E5A\\u1E5C\\u0156\\u1E5E\\u024C\\u2C64\\uA75A\\uA7A6\\uA782]","S":"[\\u0053\\u24C8\\uFF33\\u1E9E\\u015A\\u1E64\\u015C\\u1E60\\u0160\\u1E66\\u1E62\\u1E68\\u0218\\u015E\\u2C7E\\uA7A8\\uA784]","T":"[\\u0054\\u24C9\\uFF34\\u1E6A\\u0164\\u1E6C\\u021A\\u0162\\u1E70\\u1E6E\\u0166\\u01AC\\u01AE\\u023E\\uA786]","TZ":"[\\uA728]","U":"[\\u0055\\u24CA\\uFF35\\u00D9\\u00DA\\u00DB\\u0168\\u1E78\\u016A\\u1E7A\\u016C\\u00DC\\u01DB\\u01D7\\u01D5\\u01D9\\u1EE6\\u016E\\u0170\\u01D3\\u0214\\u0216\\u01AF\\u1EEA\\u1EE8\\u1EEE\\u1EEC\\u1EF0\\u1EE4\\u1E72\\u0172\\u1E76\\u1E74\\u0244]","V":"[\\u0056\\u24CB\\uFF36\\u1E7C\\u1E7E\\u01B2\\uA75E\\u0245]","VY":"[\\uA760]","W":"[\\u0057\\u24CC\\uFF37\\u1E80\\u1E82\\u0174\\u1E86\\u1E84\\u1E88\\u2C72]","X":"[\\u0058\\u24CD\\uFF38\\u1E8A\\u1E8C]","Y":"[\\u0059\\u24CE\\uFF39\\u1EF2\\u00DD\\u0176\\u1EF8\\u0232\\u1E8E\\u0178\\u1EF6\\u1EF4\\u01B3\\u024E\\u1EFE]","Z":"[\\u005A\\u24CF\\uFF3A\\u0179\\u1E90\\u017B\\u017D\\u1E92\\u1E94\\u01B5\\u0224\\u2C7F\\u2C6B\\uA762]","a":"[\\u0061\\u24D0\\uFF41\\u1E9A\\u00E0\\u00E1\\u00E2\\u1EA7\\u1EA5\\u1EAB\\u1EA9\\u00E3\\u0101\\u0103\\u1EB1\\u1EAF\\u1EB5\\u1EB3\\u0227\\u01E1\\u00E4\\u01DF\\u1EA3\\u00E5\\u01FB\\u01CE\\u0201\\u0203\\u1EA1\\u1EAD\\u1EB7\\u1E01\\u0105\\u2C65\\u0250]","aa":"[\\uA733]","ae":"[\\u00E6\\u01FD\\u01E3]","ao":"[\\uA735]","au":"[\\uA737]","av":"[\\uA739\\uA73B]","ay":"[\\uA73D]","b":"[\\u0062\\u24D1\\uFF42\\u1E03\\u1E05\\u1E07\\u0180\\u0183\\u0253]","c":"[\\u0063\\u24D2\\uFF43\\u0107\\u0109\\u010B\\u010D\\u00E7\\u1E09\\u0188\\u023C\\uA73F\\u2184]","d":"[\\u0064\\u24D3\\uFF44\\u1E0B\\u010F\\u1E0D\\u1E11\\u1E13\\u1E0F\\u0111\\u018C\\u0256\\u0257\\uA77A]","dz":"[\\u01F3\\u01C6]","e":"[\\u0065\\u24D4\\uFF45\\u00E8\\u00E9\\u00EA\\u1EC1\\u1EBF\\u1EC5\\u1EC3\\u1EBD\\u0113\\u1E15\\u1E17\\u0115\\u0117\\u00EB\\u1EBB\\u011B\\u0205\\u0207\\u1EB9\\u1EC7\\u0229\\u1E1D\\u0119\\u1E19\\u1E1B\\u0247\\u025B\\u01DD]","f":"[\\u0066\\u24D5\\uFF46\\u1E1F\\u0192\\uA77C]","g":"[\\u0067\\u24D6\\uFF47\\u01F5\\u011D\\u1E21\\u011F\\u0121\\u01E7\\u0123\\u01E5\\u0260\\uA7A1\\u1D79\\uA77F]","h":"[\\u0068\\u24D7\\uFF48\\u0125\\u1E23\\u1E27\\u021F\\u1E25\\u1E29\\u1E2B\\u1E96\\u0127\\u2C68\\u2C76\\u0265]","hv":"[\\u0195]","i":"[\\u0069\\u24D8\\uFF49\\u00EC\\u00ED\\u00EE\\u0129\\u012B\\u012D\\u00EF\\u1E2F\\u1EC9\\u01D0\\u0209\\u020B\\u1ECB\\u012F\\u1E2D\\u0268\\u0131]","j":"[\\u006A\\u24D9\\uFF4A\\u0135\\u01F0\\u0249]","k":"[\\u006B\\u24DA\\uFF4B\\u1E31\\u01E9\\u1E33\\u0137\\u1E35\\u0199\\u2C6A\\uA741\\uA743\\uA745\\uA7A3]","l":"[\\u006C\\u24DB\\uFF4C\\u0140\\u013A\\u013E\\u1E37\\u1E39\\u013C\\u1E3D\\u1E3B\\u017F\\u0142\\u019A\\u026B\\u2C61\\uA749\\uA781\\uA747]","lj":"[\\u01C9]","m":"[\\u006D\\u24DC\\uFF4D\\u1E3F\\u1E41\\u1E43\\u0271\\u026F]","n":"[\\u006E\\u24DD\\uFF4E\\u01F9\\u0144\\u00F1\\u1E45\\u0148\\u1E47\\u0146\\u1E4B\\u1E49\\u019E\\u0272\\u0149\\uA791\\uA7A5]","nj":"[\\u01CC]","o":"[\\u006F\\u24DE\\uFF4F\\u00F2\\u00F3\\u00F4\\u1ED3\\u1ED1\\u1ED7\\u1ED5\\u00F5\\u1E4D\\u022D\\u1E4F\\u014D\\u1E51\\u1E53\\u014F\\u022F\\u0231\\u00F6\\u022B\\u1ECF\\u0151\\u01D2\\u020D\\u020F\\u01A1\\u1EDD\\u1EDB\\u1EE1\\u1EDF\\u1EE3\\u1ECD\\u1ED9\\u01EB\\u01ED\\u00F8\\u01FF\\u0254\\uA74B\\uA74D\\u0275]","oi":"[\\u01A3]","ou":"[\\u0223]","oo":"[\\uA74F]","p":"[\\u0070\\u24DF\\uFF50\\u1E55\\u1E57\\u01A5\\u1D7D\\uA751\\uA753\\uA755]","q":"[\\u0071\\u24E0\\uFF51\\u024B\\uA757\\uA759]","r":"[\\u0072\\u24E1\\uFF52\\u0155\\u1E59\\u0159\\u0211\\u0213\\u1E5B\\u1E5D\\u0157\\u1E5F\\u024D\\u027D\\uA75B\\uA7A7\\uA783]","s":"[\\u0073\\u24E2\\uFF53\\u015B\\u1E65\\u015D\\u1E61\\u0161\\u1E67\\u1E63\\u1E69\\u0219\\u015F\\u023F\\uA7A9\\uA785\\u1E9B]","ss":"[\\u00DF]","t":"[\\u0074\\u24E3\\uFF54\\u1E6B\\u1E97\\u0165\\u1E6D\\u021B\\u0163\\u1E71\\u1E6F\\u0167\\u01AD\\u0288\\u2C66\\uA787]","tz":"[\\uA729]","u":"[\\u0075\\u24E4\\uFF55\\u00F9\\u00FA\\u00FB\\u0169\\u1E79\\u016B\\u1E7B\\u016D\\u00FC\\u01DC\\u01D8\\u01D6\\u01DA\\u1EE7\\u016F\\u0171\\u01D4\\u0215\\u0217\\u01B0\\u1EEB\\u1EE9\\u1EEF\\u1EED\\u1EF1\\u1EE5\\u1E73\\u0173\\u1E77\\u1E75\\u0289]","v":"[\\u0076\\u24E5\\uFF56\\u1E7D\\u1E7F\\u028B\\uA75F\\u028C]","vy":"[\\uA761]","w":"[\\u0077\\u24E6\\uFF57\\u1E81\\u1E83\\u0175\\u1E87\\u1E85\\u1E98\\u1E89\\u2C73]","x":"[\\u0078\\u24E7\\uFF58\\u1E8B\\u1E8D]","y":"[\\u0079\\u24E8\\uFF59\\u1EF3\\u00FD\\u0177\\u1EF9\\u0233\\u1E8F\\u00FF\\u1EF7\\u1E99\\u1EF5\\u01B4\\u024F\\u1EFF]","z":"[\\u007A\\u24E9\\uFF5A\\u017A\\u1E91\\u017C\\u017E\\u1E93\\u1E95\\u01B6\\u0225\\u0240\\u2C6C\\uA763]"},"researchesTests":["contentHasTOC","contentHasShortParagraphs","contentHasAssets","keywordInTitle","keywordInMetaDescription","keywordInPermalink","keywordIn10Percent","keywordInContent","keywordInSubheadings","keywordInImageAlt","keywordDensity","keywordNotUsed","lengthContent","lengthPermalink","linksHasInternal","linksHasExternals","linksNotAllExternals","titleStartWithKeyword","titleSentiment","titleHasPowerWords","titleHasNumber","hasContentAI"],"hasRedirection":true,"hasBreadcrumb":false},"homeUrl":"https:\/\/ceneco.es\/pl\/","objectID":1252,"objectType":"post","locale":"pl","localeFull":"pl_PL","overlayImages":{"play":{"name":"Ikona PLAY","url":"https:\/\/ceneco.es\/wp-content\/plugins\/seo-by-rank-math\/assets\/admin\/img\/icon-play.png","path":"\/var\/www\/vhosts\/ceneco.es\/httpdocs\/wp-content\/plugins\/seo-by-rank-math\/assets\/admin\/img\/icon-play.png","position":"middle_center"},"gif":{"name":"Ikona GIF","url":"https:\/\/ceneco.es\/wp-content\/plugins\/seo-by-rank-math\/assets\/admin\/img\/icon-gif.png","path":"\/var\/www\/vhosts\/ceneco.es\/httpdocs\/wp-content\/plugins\/seo-by-rank-math\/assets\/admin\/img\/icon-gif.png","position":"middle_center"}},"defautOgImage":"https:\/\/ceneco.es\/wp-content\/uploads\/2024\/12\/Logo-Ceneco-vf.jpg","customPermalinks":true,"isUserRegistered":false,"autoSuggestKeywords":false,"connectSiteUrl":"https:\/\/rankmath.com\/auth?site=https%3A%2F%2Fceneco.es%2Fpl%2F&r=https%3A%2F%2Fceneco.es%2Fpl%2Fwp-json%2Fwp%2Fv2%2Fpages%2F1252%3Fnonce%3D4bab725376","maxTags":5,"trendsIcon":"<svg viewBox=\"0 0 610 610\"><path d=\"M18.85,446,174.32,290.48l58.08,58.08L76.93,504a14.54,14.54,0,0,1-20.55,0L18.83,466.48a14.54,14.54,0,0,1,0-20.55Z\" style=\"fill:#4285f4\"\/><path d=\"M242.65,242.66,377.59,377.6l-47.75,47.75a14.54,14.54,0,0,1-20.55,0L174.37,290.43l47.75-47.75A14.52,14.52,0,0,1,242.65,242.66Z\" style=\"fill:#ea4335\"\/><polygon points=\"319.53 319.53 479.26 159.8 537.34 217.88 377.61 377.62 319.53 319.53\" style=\"fill:#fabb05\"\/><path d=\"M594.26,262.73V118.61h0a16.94,16.94,0,0,0-16.94-16.94H433.2a16.94,16.94,0,0,0-12,28.92L565.34,274.71h0a16.94,16.94,0,0,0,28.92-12Z\" style=\"fill:#34a853\"\/><rect width=\"610\" height=\"610\" style=\"fill:none\"\/><\/svg>","showScore":true,"siteFavIcon":"https:\/\/ceneco.es\/wp-content\/uploads\/2024\/10\/cropped-logo-ceneco-32x32.png","canUser":{"general":false,"advanced":false,"snippet":false,"social":false,"analysis":false,"analytics":false,"content_ai":false},"isPro":false,"is_front_page":false,"trendsUpgradeLink":"https:\/\/rankmath.com\/pricing\/?utm_source=Plugin&utm_medium=CE%20General%20Tab%20Trends&utm_campaign=WP","trendsUpgradeLabel":"Ulepszenie","trendsPreviewImage":"https:\/\/ceneco.es\/wp-content\/plugins\/seo-by-rank-math\/assets\/admin\/img\/trends-preview.jpg","currentEditor":false,"homepageData":{"assessor":{"powerWords":[],"diacritics":true,"researchesTests":["contentHasTOC","contentHasShortParagraphs","contentHasAssets","keywordInTitle","keywordInMetaDescription","keywordInPermalink","keywordIn10Percent","keywordInContent","keywordInSubheadings","keywordInImageAlt","keywordDensity","keywordNotUsed","lengthContent","lengthPermalink","linksHasInternal","linksHasExternals","linksNotAllExternals","titleStartWithKeyword","titleSentiment","titleHasPowerWords","titleHasNumber","hasContentAI"],"hasBreadcrumb":false,"serpData":{"title":"%sitename% %page% %sep% %sitedesc%","description":"","titleTemplate":"%sitename% %page% %sep% %sitedesc%","descriptionTemplate":"","focusKeywords":"","breadcrumbTitle":"Home","robots":{"index":true},"advancedRobots":[],"facebookTitle":"","facebookDescription":"","facebookImage":"","facebookImageID":""}}},"tocTitle":"Table of Contents","tocExcludeHeadings":[],"listStyle":"ul"},"_links":{"self":[{"href":"https:\/\/ceneco.es\/pl\/wp-json\/wp\/v2\/pages\/1252","targetHints":{"allow":["GET"]}}],"collection":[{"href":"https:\/\/ceneco.es\/pl\/wp-json\/wp\/v2\/pages"}],"about":[{"href":"https:\/\/ceneco.es\/pl\/wp-json\/wp\/v2\/types\/page"}],"author":[{"embeddable":true,"href":"https:\/\/ceneco.es\/pl\/wp-json\/wp\/v2\/users\/1"}],"replies":[{"embeddable":true,"href":"https:\/\/ceneco.es\/pl\/wp-json\/wp\/v2\/comments?post=1252"}],"version-history":[{"count":1,"href":"https:\/\/ceneco.es\/pl\/wp-json\/wp\/v2\/pages\/1252\/revisions"}],"predecessor-version":[{"id":1254,"href":"https:\/\/ceneco.es\/pl\/wp-json\/wp\/v2\/pages\/1252\/revisions\/1254"}],"wp:attachment":[{"href":"https:\/\/ceneco.es\/pl\/wp-json\/wp\/v2\/media?parent=1252"}],"curies":[{"name":"wp","href":"https:\/\/api.w.org\/{rel}","templated":true}]}}